{"id":2463,"date":"2025-04-24T16:39:19","date_gmt":"2025-04-24T14:39:19","guid":{"rendered":"https:\/\/vtc-inclusif.fr\/?page_id=2463"},"modified":"2026-01-26T21:10:54","modified_gmt":"2026-01-26T20:10:54","slug":"bons-plans-vtc","status":"publish","type":"page","link":"https:\/\/vtc-inclusif.fr\/index.php\/bons-plans-vtc\/","title":{"rendered":"Bons plans"},"content":{"rendered":"\t\t<div data-elementor-type=\"wp-page\" data-elementor-id=\"2463\" class=\"elementor elementor-2463\" data-elementor-post-type=\"page\">\n\t\t\t\t\t\t<section class=\"elementor-section elementor-top-section elementor-element elementor-element-1b4d489 elementor-section-content-middle elementor-section-boxed elementor-section-height-default elementor-section-height-default\" data-id=\"1b4d489\" data-element_type=\"section\">\n\t\t\t\t\t\t<div class=\"elementor-container elementor-column-gap-default\">\n\t\t\t\t\t<div class=\"elementor-column elementor-col-100 elementor-top-column elementor-element elementor-element-8e4ea3e\" data-id=\"8e4ea3e\" data-element_type=\"column\">\n\t\t\t<div class=\"elementor-widget-wrap elementor-element-populated\">\n\t\t\t\t\t\t<div class=\"elementor-element elementor-element-8ba1461 elementor-button-info elementor-align-left elementor-widget__width-inherit elementor-widget elementor-widget-button\" data-id=\"8ba1461\" data-element_type=\"widget\" data-settings=\"{&quot;_animation&quot;:&quot;none&quot;}\" data-widget_type=\"button.default\">\n\t\t\t\t<div class=\"elementor-widget-container\">\n\t\t\t\t\t\t\t\t\t<div class=\"elementor-button-wrapper\">\n\t\t\t\t\t<a class=\"elementor-button elementor-button-link elementor-size-sm\" href=\"#\">\n\t\t\t\t\t\t<span class=\"elementor-button-content-wrapper\">\n\t\t\t\t\t\t<span class=\"elementor-button-icon\">\n\t\t\t\t<i aria-hidden=\"true\" class=\"fas fa-euro-sign\"><\/i>\t\t\t<\/span>\n\t\t\t\t\t\t\t\t\t<span class=\"elementor-button-text\">Promo | 20\u20ac de r\u00e9duction imm\u00e9diatement, J'en profite <\/span>\n\t\t\t\t\t<\/span>\n\t\t\t\t\t<\/a>\n\t\t\t\t<\/div>\n\t\t\t\t\t\t\t\t<\/div>\n\t\t\t\t<\/div>\n\t\t\t\t\t<\/div>\n\t\t<\/div>\n\t\t\t\t\t<\/div>\n\t\t<\/section>\n\t\t\t\t<section class=\"elementor-section elementor-top-section elementor-element elementor-element-45482a27 elementor-section-boxed elementor-section-height-default elementor-section-height-default\" data-id=\"45482a27\" data-element_type=\"section\" data-settings=\"{&quot;background_background&quot;:&quot;classic&quot;}\">\n\t\t\t\t\t\t<div class=\"elementor-container elementor-column-gap-no\">\n\t\t\t\t\t<div class=\"elementor-column elementor-col-33 elementor-top-column elementor-element elementor-element-45fce059\" data-id=\"45fce059\" data-element_type=\"column\">\n\t\t\t<div class=\"elementor-widget-wrap elementor-element-populated\">\n\t\t\t\t\t\t<div class=\"elementor-element elementor-element-107695ab elementor-position-top elementor-widget elementor-widget-image-box\" data-id=\"107695ab\" data-element_type=\"widget\" data-widget_type=\"image-box.default\">\n\t\t\t\t<div class=\"elementor-widget-container\">\n\t\t\t\t\t<div class=\"elementor-image-box-wrapper\"><figure class=\"elementor-image-box-img\"><a href=\"https:\/\/vtc-inclusif.fr\/index.php\/entretien-voiture\/\" tabindex=\"-1\"><img decoding=\"async\" width=\"180\" height=\"180\" src=\"https:\/\/vtc-inclusif.fr\/wp-content\/uploads\/2025\/04\/th.jpeg\" class=\"attachment-full size-full wp-image-2484\" alt=\"\" srcset=\"https:\/\/vtc-inclusif.fr\/wp-content\/uploads\/2025\/04\/th.jpeg 180w, https:\/\/vtc-inclusif.fr\/wp-content\/uploads\/2025\/04\/th-150x150.jpeg 150w, https:\/\/vtc-inclusif.fr\/wp-content\/uploads\/2025\/04\/th-100x100.jpeg 100w\" sizes=\"(max-width: 180px) 100vw, 180px\" \/><\/a><\/figure><div class=\"elementor-image-box-content\"><h3 class=\"elementor-image-box-title\"><a href=\"https:\/\/vtc-inclusif.fr\/index.php\/entretien-voiture\/\">Entretien<\/a><\/h3><p class=\"elementor-image-box-description\">M\u00e9canique et hygi\u00e9nique<\/p><\/div><\/div>\t\t\t\t<\/div>\n\t\t\t\t<\/div>\n\t\t\t\t<div class=\"elementor-element elementor-element-2138b345 elementor-widget-divider--view-line elementor-widget elementor-widget-divider\" data-id=\"2138b345\" data-element_type=\"widget\" data-widget_type=\"divider.default\">\n\t\t\t\t<div class=\"elementor-widget-container\">\n\t\t\t\t\t\t\t<div class=\"elementor-divider\">\n\t\t\t<span class=\"elementor-divider-separator\">\n\t\t\t\t\t\t<\/span>\n\t\t<\/div>\n\t\t\t\t\t\t<\/div>\n\t\t\t\t<\/div>\n\t\t\t\t\t<\/div>\n\t\t<\/div>\n\t\t\t\t<div class=\"elementor-column elementor-col-33 elementor-top-column elementor-element elementor-element-208f68fb\" data-id=\"208f68fb\" data-element_type=\"column\">\n\t\t\t<div class=\"elementor-widget-wrap elementor-element-populated\">\n\t\t\t\t\t\t<div class=\"elementor-element elementor-element-6b2ed00f elementor-position-top elementor-widget elementor-widget-image-box\" data-id=\"6b2ed00f\" data-element_type=\"widget\" data-widget_type=\"image-box.default\">\n\t\t\t\t<div class=\"elementor-widget-container\">\n\t\t\t\t\t<div class=\"elementor-image-box-wrapper\"><figure class=\"elementor-image-box-img\"><a href=\"https:\/\/vtc-inclusif.fr\/index.php\/la-publicite\/\" tabindex=\"-1\"><img decoding=\"async\" width=\"211\" height=\"180\" src=\"https:\/\/vtc-inclusif.fr\/wp-content\/uploads\/2025\/04\/pub.jpeg\" class=\"attachment-full size-full wp-image-2483\" alt=\"\" \/><\/a><\/figure><div class=\"elementor-image-box-content\"><h3 class=\"elementor-image-box-title\"><a href=\"https:\/\/vtc-inclusif.fr\/index.php\/la-publicite\/\">Publicit\u00e9<\/a><\/h3><p class=\"elementor-image-box-description\">un vtc pas comme les autres<\/p><\/div><\/div>\t\t\t\t<\/div>\n\t\t\t\t<\/div>\n\t\t\t\t<div class=\"elementor-element elementor-element-38793dab elementor-widget-divider--view-line elementor-widget elementor-widget-divider\" data-id=\"38793dab\" data-element_type=\"widget\" data-widget_type=\"divider.default\">\n\t\t\t\t<div class=\"elementor-widget-container\">\n\t\t\t\t\t\t\t<div class=\"elementor-divider\">\n\t\t\t<span class=\"elementor-divider-separator\">\n\t\t\t\t\t\t<\/span>\n\t\t<\/div>\n\t\t\t\t\t\t<\/div>\n\t\t\t\t<\/div>\n\t\t\t\t\t<\/div>\n\t\t<\/div>\n\t\t\t\t<div class=\"elementor-column elementor-col-33 elementor-top-column elementor-element elementor-element-803a68d\" data-id=\"803a68d\" data-element_type=\"column\">\n\t\t\t<div class=\"elementor-widget-wrap elementor-element-populated\">\n\t\t\t\t\t\t<div class=\"elementor-element elementor-element-79bea99c elementor-position-top elementor-widget elementor-widget-image-box\" data-id=\"79bea99c\" data-element_type=\"widget\" data-widget_type=\"image-box.default\">\n\t\t\t\t<div class=\"elementor-widget-container\">\n\t\t\t\t\t<div class=\"elementor-image-box-wrapper\"><figure class=\"elementor-image-box-img\"><a href=\"https:\/\/vtc-inclusif.fr\/index.php\/la-boutique\/\" tabindex=\"-1\"><img fetchpriority=\"high\" decoding=\"async\" width=\"297\" height=\"180\" src=\"https:\/\/vtc-inclusif.fr\/wp-content\/uploads\/2025\/04\/shop.jpeg\" class=\"attachment-full size-full wp-image-2482\" alt=\"\" \/><\/a><\/figure><div class=\"elementor-image-box-content\"><h3 class=\"elementor-image-box-title\"><a href=\"https:\/\/vtc-inclusif.fr\/index.php\/la-boutique\/\">Boutique<\/a><\/h3><p class=\"elementor-image-box-description\">Choisissez le confort<\/p><\/div><\/div>\t\t\t\t<\/div>\n\t\t\t\t<\/div>\n\t\t\t\t<div class=\"elementor-element elementor-element-1c7db8bb elementor-widget-divider--view-line elementor-widget elementor-widget-divider\" data-id=\"1c7db8bb\" data-element_type=\"widget\" data-widget_type=\"divider.default\">\n\t\t\t\t<div class=\"elementor-widget-container\">\n\t\t\t\t\t\t\t<div class=\"elementor-divider\">\n\t\t\t<span class=\"elementor-divider-separator\">\n\t\t\t\t\t\t<\/span>\n\t\t<\/div>\n\t\t\t\t\t\t<\/div>\n\t\t\t\t<\/div>\n\t\t\t\t\t<\/div>\n\t\t<\/div>\n\t\t\t\t\t<\/div>\n\t\t<\/section>\n\t\t\t\t<section class=\"elementor-section elementor-top-section elementor-element elementor-element-071ad20 elementor-section-content-middle elementor-section-boxed elementor-section-height-default elementor-section-height-default\" data-id=\"071ad20\" data-element_type=\"section\">\n\t\t\t\t\t\t<div class=\"elementor-container elementor-column-gap-default\">\n\t\t\t\t\t<div class=\"elementor-column elementor-col-100 elementor-top-column elementor-element elementor-element-d106fc3\" data-id=\"d106fc3\" data-element_type=\"column\">\n\t\t\t<div class=\"elementor-widget-wrap elementor-element-populated\">\n\t\t\t\t\t\t<div class=\"elementor-element elementor-element-a31194e elementor-widget__width-initial elementor-widget elementor-widget-heading\" data-id=\"a31194e\" data-element_type=\"widget\" data-widget_type=\"heading.default\">\n\t\t\t\t<div class=\"elementor-widget-container\">\n\t\t\t\t\t<h1 class=\"elementor-heading-title elementor-size-default\">Les meilleurs bons plans VTC<\/h1>\t\t\t\t<\/div>\n\t\t\t\t<\/div>\n\t\t\t\t<div class=\"elementor-element elementor-element-de296d5 elementor-widget elementor-widget-heading\" data-id=\"de296d5\" data-element_type=\"widget\" data-widget_type=\"heading.default\">\n\t\t\t\t<div class=\"elementor-widget-container\">\n\t\t\t\t\t<p class=\"elementor-heading-title elementor-size-default\">D\u00e9couvrez les meilleurs bons plans VTC en \u00cele-de-France : r\u00e9ductions exclusives, offres pour chauffeurs VTC, formations subventionn\u00e9es et conseils pour booster votre activit\u00e9. Profitez d'opportunit\u00e9s uniques pour \u00e9conomiser et d\u00e9velopper votre carri\u00e8re de chauffeur VTC.<\/p>\t\t\t\t<\/div>\n\t\t\t\t<\/div>\n\t\t\t\t\t<\/div>\n\t\t<\/div>\n\t\t\t\t\t<\/div>\n\t\t<\/section>\n\t\t\t\t<section class=\"elementor-section elementor-top-section elementor-element elementor-element-9b385c6 elementor-section-boxed elementor-section-height-default elementor-section-height-default\" data-id=\"9b385c6\" data-element_type=\"section\">\n\t\t\t\t\t\t<div class=\"elementor-container elementor-column-gap-default\">\n\t\t\t\t\t<div class=\"elementor-column elementor-col-100 elementor-top-column elementor-element elementor-element-c6718a1\" data-id=\"c6718a1\" data-element_type=\"column\">\n\t\t\t<div class=\"elementor-widget-wrap elementor-element-populated\">\n\t\t\t\t\t\t<div class=\"elementor-element elementor-element-36f25cd elementor-button-info elementor-align-center elementor-widget__width-inherit elementor-widget elementor-widget-button\" data-id=\"36f25cd\" data-element_type=\"widget\" data-settings=\"{&quot;_animation&quot;:&quot;none&quot;}\" data-widget_type=\"button.default\">\n\t\t\t\t<div class=\"elementor-widget-container\">\n\t\t\t\t\t\t\t\t\t<div class=\"elementor-button-wrapper\">\n\t\t\t\t\t<a class=\"elementor-button elementor-button-link elementor-size-sm\" href=\"tel:%20+33%206%2066%2042%2030%2058\">\n\t\t\t\t\t\t<span class=\"elementor-button-content-wrapper\">\n\t\t\t\t\t\t\t\t\t<span class=\"elementor-button-text\">Demande de renseignement<\/span>\n\t\t\t\t\t<\/span>\n\t\t\t\t\t<\/a>\n\t\t\t\t<\/div>\n\t\t\t\t\t\t\t\t<\/div>\n\t\t\t\t<\/div>\n\t\t\t\t\t<\/div>\n\t\t<\/div>\n\t\t\t\t\t<\/div>\n\t\t<\/section>\n\t\t\t\t<\/div>\n\t\t","protected":false},"excerpt":{"rendered":"<p>Promo | 20\u20ac de r\u00e9duction imm\u00e9diatement, J&rsquo;en profite Entretien M\u00e9canique et hygi\u00e9nique Publicit\u00e9 un vtc pas comme les autres Boutique Choisissez le confort Les meilleurs bons plans VTC D\u00e9couvrez les meilleurs bons plans VTC en \u00cele-de-France : r\u00e9ductions exclusives, offres pour chauffeurs VTC, formations subventionn\u00e9es et conseils pour booster votre activit\u00e9. Profitez d&rsquo;opportunit\u00e9s uniques pour [&hellip;]<\/p>\n","protected":false},"author":2,"featured_media":0,"parent":0,"menu_order":0,"comment_status":"closed","ping_status":"closed","template":"","meta":{"_acf_changed":false,"om_disable_all_campaigns":false,"_monsterinsights_skip_tracking":false,"_monsterinsights_sitenote_active":false,"_monsterinsights_sitenote_note":"","_monsterinsights_sitenote_category":0,"_uf_show_specific_survey":0,"_uf_disable_surveys":false,"footnotes":""},"class_list":["post-2463","page","type-page","status-publish","hentry"],"acf":[],"yoast_head":"<!-- This site is optimized with the Yoast SEO plugin v26.7 - https:\/\/yoast.com\/wordpress\/plugins\/seo\/ -->\n<title>Bons plans - VTC-Inclusif<\/title>\n<meta name=\"description\" content=\"D\u00e9couvrez les meilleurs bons plans VTC en \u00cele-de-France : r\u00e9ductions exclusives, offres pour chauffeurs VTC, formations subventionn\u00e9es et conseils pour booster votre activit\u00e9. Profitez d&#039;opportunit\u00e9s uniques pour \u00e9conomiser et d\u00e9velopper votre carri\u00e8re de chauffeur VTC.\" \/>\n<meta name=\"robots\" content=\"index, follow, max-snippet:-1, max-image-preview:large, max-video-preview:-1\" \/>\n<link rel=\"canonical\" href=\"https:\/\/vtc-inclusif.fr\/index.php\/bons-plans-vtc\/\" \/>\n<meta property=\"og:locale\" content=\"fr_FR\" \/>\n<meta property=\"og:type\" content=\"article\" \/>\n<meta property=\"og:title\" content=\"Bons plans - VTC-Inclusif\" \/>\n<meta property=\"og:description\" content=\"D\u00e9couvrez les meilleurs bons plans VTC en \u00cele-de-France : r\u00e9ductions exclusives, offres pour chauffeurs VTC, formations subventionn\u00e9es et conseils pour booster votre activit\u00e9. Profitez d&#039;opportunit\u00e9s uniques pour \u00e9conomiser et d\u00e9velopper votre carri\u00e8re de chauffeur VTC.\" \/>\n<meta property=\"og:url\" content=\"https:\/\/vtc-inclusif.fr\/index.php\/bons-plans-vtc\/\" \/>\n<meta property=\"og:site_name\" content=\"VTC-Inclusif\" \/>\n<meta property=\"article:modified_time\" content=\"2026-01-26T20:10:54+00:00\" \/>\n<meta property=\"og:image\" content=\"https:\/\/vtc-inclusif.fr\/wp-content\/uploads\/2025\/04\/th.jpeg\" \/>\n\t<meta property=\"og:image:width\" content=\"180\" \/>\n\t<meta property=\"og:image:height\" content=\"180\" \/>\n\t<meta property=\"og:image:type\" content=\"image\/jpeg\" \/>\n<meta name=\"twitter:card\" content=\"summary_large_image\" \/>\n<meta name=\"twitter:label1\" content=\"Dur\u00e9e de lecture estim\u00e9e\" \/>\n\t<meta name=\"twitter:data1\" content=\"1 minute\" \/>\n<script type=\"application\/ld+json\" class=\"yoast-schema-graph\">{\"@context\":\"https:\/\/schema.org\",\"@graph\":[{\"@type\":\"WebPage\",\"@id\":\"https:\/\/vtc-inclusif.fr\/index.php\/bons-plans-vtc\/\",\"url\":\"https:\/\/vtc-inclusif.fr\/index.php\/bons-plans-vtc\/\",\"name\":\"Bons plans - VTC-Inclusif\",\"isPartOf\":{\"@id\":\"https:\/\/vtc-inclusif.fr\/#website\"},\"primaryImageOfPage\":{\"@id\":\"https:\/\/vtc-inclusif.fr\/index.php\/bons-plans-vtc\/#primaryimage\"},\"image\":{\"@id\":\"https:\/\/vtc-inclusif.fr\/index.php\/bons-plans-vtc\/#primaryimage\"},\"thumbnailUrl\":\"https:\/\/vtc-inclusif.fr\/wp-content\/uploads\/2025\/04\/th.jpeg\",\"datePublished\":\"2025-04-24T14:39:19+00:00\",\"dateModified\":\"2026-01-26T20:10:54+00:00\",\"description\":\"D\u00e9couvrez les meilleurs bons plans VTC en \u00cele-de-France : r\u00e9ductions exclusives, offres pour chauffeurs VTC, formations subventionn\u00e9es et conseils pour booster votre activit\u00e9. Profitez d'opportunit\u00e9s uniques pour \u00e9conomiser et d\u00e9velopper votre carri\u00e8re de chauffeur VTC.\",\"breadcrumb\":{\"@id\":\"https:\/\/vtc-inclusif.fr\/index.php\/bons-plans-vtc\/#breadcrumb\"},\"inLanguage\":\"fr-FR\",\"potentialAction\":[{\"@type\":\"ReadAction\",\"target\":[\"https:\/\/vtc-inclusif.fr\/index.php\/bons-plans-vtc\/\"]}]},{\"@type\":\"ImageObject\",\"inLanguage\":\"fr-FR\",\"@id\":\"https:\/\/vtc-inclusif.fr\/index.php\/bons-plans-vtc\/#primaryimage\",\"url\":\"https:\/\/vtc-inclusif.fr\/wp-content\/uploads\/2025\/04\/th.jpeg\",\"contentUrl\":\"https:\/\/vtc-inclusif.fr\/wp-content\/uploads\/2025\/04\/th.jpeg\",\"width\":180,\"height\":180},{\"@type\":\"BreadcrumbList\",\"@id\":\"https:\/\/vtc-inclusif.fr\/index.php\/bons-plans-vtc\/#breadcrumb\",\"itemListElement\":[{\"@type\":\"ListItem\",\"position\":1,\"name\":\"Accueil\",\"item\":\"https:\/\/vtc-inclusif.fr\/\"},{\"@type\":\"ListItem\",\"position\":2,\"name\":\"Bons plans\"}]},{\"@type\":\"WebSite\",\"@id\":\"https:\/\/vtc-inclusif.fr\/#website\",\"url\":\"https:\/\/vtc-inclusif.fr\/\",\"name\":\"VTC-Inclusif\",\"description\":\"Examen blanc vtc et Location de v\u00e9hicule double commande pour examen VTC pratique\",\"publisher\":{\"@id\":\"https:\/\/vtc-inclusif.fr\/#organization\"},\"potentialAction\":[{\"@type\":\"SearchAction\",\"target\":{\"@type\":\"EntryPoint\",\"urlTemplate\":\"https:\/\/vtc-inclusif.fr\/?s={search_term_string}\"},\"query-input\":{\"@type\":\"PropertyValueSpecification\",\"valueRequired\":true,\"valueName\":\"search_term_string\"}}],\"inLanguage\":\"fr-FR\"},{\"@type\":\"Organization\",\"@id\":\"https:\/\/vtc-inclusif.fr\/#organization\",\"name\":\"VTC-Inclusif\",\"url\":\"https:\/\/vtc-inclusif.fr\/\",\"logo\":{\"@type\":\"ImageObject\",\"inLanguage\":\"fr-FR\",\"@id\":\"https:\/\/vtc-inclusif.fr\/#\/schema\/logo\/image\/\",\"url\":\"https:\/\/vtc-inclusif.fr\/wp-content\/uploads\/2023\/07\/logo-site.png\",\"contentUrl\":\"https:\/\/vtc-inclusif.fr\/wp-content\/uploads\/2023\/07\/logo-site.png\",\"width\":350,\"height\":100,\"caption\":\"VTC-Inclusif\"},\"image\":{\"@id\":\"https:\/\/vtc-inclusif.fr\/#\/schema\/logo\/image\/\"}}]}<\/script>\n<!-- \/ Yoast SEO plugin. -->","yoast_head_json":{"title":"Bons plans - VTC-Inclusif","description":"D\u00e9couvrez les meilleurs bons plans VTC en \u00cele-de-France : r\u00e9ductions exclusives, offres pour chauffeurs VTC, formations subventionn\u00e9es et conseils pour booster votre activit\u00e9. Profitez d'opportunit\u00e9s uniques pour \u00e9conomiser et d\u00e9velopper votre carri\u00e8re de chauffeur VTC.","robots":{"index":"index","follow":"follow","max-snippet":"max-snippet:-1","max-image-preview":"max-image-preview:large","max-video-preview":"max-video-preview:-1"},"canonical":"https:\/\/vtc-inclusif.fr\/index.php\/bons-plans-vtc\/","og_locale":"fr_FR","og_type":"article","og_title":"Bons plans - VTC-Inclusif","og_description":"D\u00e9couvrez les meilleurs bons plans VTC en \u00cele-de-France : r\u00e9ductions exclusives, offres pour chauffeurs VTC, formations subventionn\u00e9es et conseils pour booster votre activit\u00e9. Profitez d'opportunit\u00e9s uniques pour \u00e9conomiser et d\u00e9velopper votre carri\u00e8re de chauffeur VTC.","og_url":"https:\/\/vtc-inclusif.fr\/index.php\/bons-plans-vtc\/","og_site_name":"VTC-Inclusif","article_modified_time":"2026-01-26T20:10:54+00:00","og_image":[{"width":180,"height":180,"url":"https:\/\/vtc-inclusif.fr\/wp-content\/uploads\/2025\/04\/th.jpeg","type":"image\/jpeg"}],"twitter_card":"summary_large_image","twitter_misc":{"Dur\u00e9e de lecture estim\u00e9e":"1 minute"},"schema":{"@context":"https:\/\/schema.org","@graph":[{"@type":"WebPage","@id":"https:\/\/vtc-inclusif.fr\/index.php\/bons-plans-vtc\/","url":"https:\/\/vtc-inclusif.fr\/index.php\/bons-plans-vtc\/","name":"Bons plans - VTC-Inclusif","isPartOf":{"@id":"https:\/\/vtc-inclusif.fr\/#website"},"primaryImageOfPage":{"@id":"https:\/\/vtc-inclusif.fr\/index.php\/bons-plans-vtc\/#primaryimage"},"image":{"@id":"https:\/\/vtc-inclusif.fr\/index.php\/bons-plans-vtc\/#primaryimage"},"thumbnailUrl":"https:\/\/vtc-inclusif.fr\/wp-content\/uploads\/2025\/04\/th.jpeg","datePublished":"2025-04-24T14:39:19+00:00","dateModified":"2026-01-26T20:10:54+00:00","description":"D\u00e9couvrez les meilleurs bons plans VTC en \u00cele-de-France : r\u00e9ductions exclusives, offres pour chauffeurs VTC, formations subventionn\u00e9es et conseils pour booster votre activit\u00e9. Profitez d'opportunit\u00e9s uniques pour \u00e9conomiser et d\u00e9velopper votre carri\u00e8re de chauffeur VTC.","breadcrumb":{"@id":"https:\/\/vtc-inclusif.fr\/index.php\/bons-plans-vtc\/#breadcrumb"},"inLanguage":"fr-FR","potentialAction":[{"@type":"ReadAction","target":["https:\/\/vtc-inclusif.fr\/index.php\/bons-plans-vtc\/"]}]},{"@type":"ImageObject","inLanguage":"fr-FR","@id":"https:\/\/vtc-inclusif.fr\/index.php\/bons-plans-vtc\/#primaryimage","url":"https:\/\/vtc-inclusif.fr\/wp-content\/uploads\/2025\/04\/th.jpeg","contentUrl":"https:\/\/vtc-inclusif.fr\/wp-content\/uploads\/2025\/04\/th.jpeg","width":180,"height":180},{"@type":"BreadcrumbList","@id":"https:\/\/vtc-inclusif.fr\/index.php\/bons-plans-vtc\/#breadcrumb","itemListElement":[{"@type":"ListItem","position":1,"name":"Accueil","item":"https:\/\/vtc-inclusif.fr\/"},{"@type":"ListItem","position":2,"name":"Bons plans"}]},{"@type":"WebSite","@id":"https:\/\/vtc-inclusif.fr\/#website","url":"https:\/\/vtc-inclusif.fr\/","name":"VTC-Inclusif","description":"Examen blanc vtc et Location de v\u00e9hicule double commande pour examen VTC pratique","publisher":{"@id":"https:\/\/vtc-inclusif.fr\/#organization"},"potentialAction":[{"@type":"SearchAction","target":{"@type":"EntryPoint","urlTemplate":"https:\/\/vtc-inclusif.fr\/?s={search_term_string}"},"query-input":{"@type":"PropertyValueSpecification","valueRequired":true,"valueName":"search_term_string"}}],"inLanguage":"fr-FR"},{"@type":"Organization","@id":"https:\/\/vtc-inclusif.fr\/#organization","name":"VTC-Inclusif","url":"https:\/\/vtc-inclusif.fr\/","logo":{"@type":"ImageObject","inLanguage":"fr-FR","@id":"https:\/\/vtc-inclusif.fr\/#\/schema\/logo\/image\/","url":"https:\/\/vtc-inclusif.fr\/wp-content\/uploads\/2023\/07\/logo-site.png","contentUrl":"https:\/\/vtc-inclusif.fr\/wp-content\/uploads\/2023\/07\/logo-site.png","width":350,"height":100,"caption":"VTC-Inclusif"},"image":{"@id":"https:\/\/vtc-inclusif.fr\/#\/schema\/logo\/image\/"}}]}},"_links":{"self":[{"href":"https:\/\/vtc-inclusif.fr\/index.php\/wp-json\/wp\/v2\/pages\/2463","targetHints":{"allow":["GET"]}}],"collection":[{"href":"https:\/\/vtc-inclusif.fr\/index.php\/wp-json\/wp\/v2\/pages"}],"about":[{"href":"https:\/\/vtc-inclusif.fr\/index.php\/wp-json\/wp\/v2\/types\/page"}],"author":[{"embeddable":true,"href":"https:\/\/vtc-inclusif.fr\/index.php\/wp-json\/wp\/v2\/users\/2"}],"replies":[{"embeddable":true,"href":"https:\/\/vtc-inclusif.fr\/index.php\/wp-json\/wp\/v2\/comments?post=2463"}],"version-history":[{"count":6,"href":"https:\/\/vtc-inclusif.fr\/index.php\/wp-json\/wp\/v2\/pages\/2463\/revisions"}],"predecessor-version":[{"id":4657,"href":"https:\/\/vtc-inclusif.fr\/index.php\/wp-json\/wp\/v2\/pages\/2463\/revisions\/4657"}],"wp:attachment":[{"href":"https:\/\/vtc-inclusif.fr\/index.php\/wp-json\/wp\/v2\/media?parent=2463"}],"curies":[{"name":"wp","href":"https:\/\/api.w.org\/{rel}","templated":true}]}}