{"id":2467,"date":"2025-04-24T16:44:58","date_gmt":"2025-04-24T14:44:58","guid":{"rendered":"https:\/\/vtc-inclusif.fr\/?page_id=2467"},"modified":"2026-01-26T21:08:51","modified_gmt":"2026-01-26T20:08:51","slug":"entretien-voiture","status":"publish","type":"page","link":"https:\/\/vtc-inclusif.fr\/index.php\/entretien-voiture\/","title":{"rendered":"Entretien voiture"},"content":{"rendered":"\t\t<div data-elementor-type=\"wp-page\" data-elementor-id=\"2467\" class=\"elementor elementor-2467\" data-elementor-post-type=\"page\">\n\t\t\t\t\t\t<section class=\"elementor-section elementor-top-section elementor-element elementor-element-1de7b0e elementor-section-boxed elementor-section-height-default elementor-section-height-default\" data-id=\"1de7b0e\" data-element_type=\"section\" data-settings=\"{&quot;background_background&quot;:&quot;classic&quot;}\">\n\t\t\t\t\t\t<div class=\"elementor-container elementor-column-gap-no\">\n\t\t\t\t\t<div class=\"elementor-column elementor-col-100 elementor-top-column elementor-element elementor-element-3b7903f\" data-id=\"3b7903f\" data-element_type=\"column\">\n\t\t\t<div class=\"elementor-widget-wrap elementor-element-populated\">\n\t\t\t\t\t\t<div class=\"elementor-element elementor-element-864d0f4 elementor-vertical-align-middle elementor-position-left elementor-widget elementor-widget-image-box\" data-id=\"864d0f4\" data-element_type=\"widget\" data-widget_type=\"image-box.default\">\n\t\t\t\t<div class=\"elementor-widget-container\">\n\t\t\t\t\t<div class=\"elementor-image-box-wrapper\"><figure class=\"elementor-image-box-img\"><img decoding=\"async\" width=\"180\" height=\"180\" src=\"https:\/\/vtc-inclusif.fr\/wp-content\/uploads\/2025\/04\/th.jpeg\" class=\"attachment-full size-full wp-image-2484\" alt=\"\" srcset=\"https:\/\/vtc-inclusif.fr\/wp-content\/uploads\/2025\/04\/th.jpeg 180w, https:\/\/vtc-inclusif.fr\/wp-content\/uploads\/2025\/04\/th-150x150.jpeg 150w, https:\/\/vtc-inclusif.fr\/wp-content\/uploads\/2025\/04\/th-100x100.jpeg 100w\" sizes=\"(max-width: 180px) 100vw, 180px\" \/><\/figure><div class=\"elementor-image-box-content\"><h3 class=\"elementor-image-box-title\">Entretien<\/h3><p class=\"elementor-image-box-description\">M\u00e9canique et hygi\u00e9nique<\/p><\/div><\/div>\t\t\t\t<\/div>\n\t\t\t\t<\/div>\n\t\t\t\t<div class=\"elementor-element elementor-element-b46a581 elementor-widget-divider--view-line elementor-widget elementor-widget-divider\" data-id=\"b46a581\" data-element_type=\"widget\" data-widget_type=\"divider.default\">\n\t\t\t\t<div class=\"elementor-widget-container\">\n\t\t\t\t\t\t\t<div class=\"elementor-divider\">\n\t\t\t<span class=\"elementor-divider-separator\">\n\t\t\t\t\t\t<\/span>\n\t\t<\/div>\n\t\t\t\t\t\t<\/div>\n\t\t\t\t<\/div>\n\t\t\t\t\t<\/div>\n\t\t<\/div>\n\t\t\t\t\t<\/div>\n\t\t<\/section>\n\t\t\t\t<section class=\"elementor-section elementor-top-section elementor-element elementor-element-1f1e9cc elementor-section-content-middle elementor-section-boxed elementor-section-height-default elementor-section-height-default\" data-id=\"1f1e9cc\" data-element_type=\"section\">\n\t\t\t\t\t\t<div class=\"elementor-container elementor-column-gap-default\">\n\t\t\t\t\t<div class=\"elementor-column elementor-col-100 elementor-top-column elementor-element elementor-element-1e56fc9\" data-id=\"1e56fc9\" data-element_type=\"column\">\n\t\t\t<div class=\"elementor-widget-wrap elementor-element-populated\">\n\t\t\t\t\t\t<div class=\"elementor-element elementor-element-0ec7fe1 elementor-widget__width-initial elementor-widget elementor-widget-heading\" data-id=\"0ec7fe1\" data-element_type=\"widget\" data-widget_type=\"heading.default\">\n\t\t\t\t<div class=\"elementor-widget-container\">\n\t\t\t\t\t<h1 class=\"elementor-heading-title elementor-size-default\">Faites l'entretien de votre voiture\u200b<\/h1>\t\t\t\t<\/div>\n\t\t\t\t<\/div>\n\t\t\t\t<div class=\"elementor-element elementor-element-7dab94d elementor-widget elementor-widget-heading\" data-id=\"7dab94d\" data-element_type=\"widget\" data-widget_type=\"heading.default\">\n\t\t\t\t<div class=\"elementor-widget-container\">\n\t\t\t\t\t<p class=\"elementor-heading-title elementor-size-default\">D\u00e9couvrez les meilleures pratiques pour la vidange, le nettoyage int\u00e9rieur\/ext\u00e9rieur, le contr\u00f4le technique et la maintenance pr\u00e9ventive. Prolongez la dur\u00e9e de vie de votre v\u00e9hicule et assurez un service de qualit\u00e9 \u00e0 vos clients.<\/p>\t\t\t\t<\/div>\n\t\t\t\t<\/div>\n\t\t\t\t\t<\/div>\n\t\t<\/div>\n\t\t\t\t\t<\/div>\n\t\t<\/section>\n\t\t\t\t<section class=\"elementor-section elementor-top-section elementor-element elementor-element-7b628538 elementor-section-content-middle elementor-section-boxed elementor-section-height-default elementor-section-height-default\" data-id=\"7b628538\" data-element_type=\"section\">\n\t\t\t\t\t\t<div class=\"elementor-container elementor-column-gap-no\">\n\t\t\t\t\t<div class=\"elementor-column elementor-col-50 elementor-top-column elementor-element elementor-element-201d49ed\" data-id=\"201d49ed\" data-element_type=\"column\">\n\t\t\t<div class=\"elementor-widget-wrap elementor-element-populated\">\n\t\t\t\t\t\t<div class=\"elementor-element elementor-element-68a38987 elementor-widget elementor-widget-heading\" data-id=\"68a38987\" data-element_type=\"widget\" data-widget_type=\"heading.default\">\n\t\t\t\t<div class=\"elementor-widget-container\">\n\t\t\t\t\t<h3 class=\"elementor-heading-title elementor-size-default\">Faites l'entretien de votre voiture<\/h3>\t\t\t\t<\/div>\n\t\t\t\t<\/div>\n\t\t\t\t<div class=\"elementor-element elementor-element-6a4ea5ae elementor-widget elementor-widget-image\" data-id=\"6a4ea5ae\" data-element_type=\"widget\" data-widget_type=\"image.default\">\n\t\t\t\t<div class=\"elementor-widget-container\">\n\t\t\t\t\t\t\t\t\t\t\t\t\t\t\t<img fetchpriority=\"high\" decoding=\"async\" width=\"300\" height=\"200\" src=\"https:\/\/vtc-inclusif.fr\/wp-content\/uploads\/2026\/01\/Entretien-et-reparation-de-vehicule-chez-VTC-Inclusif-300x200.avif\" class=\"elementor-animation-grow attachment-medium size-medium wp-image-4625\" alt=\"Illustration d\u2019un m\u00e9canicien effectuant la r\u00e9paration et le diagnostic d\u2019un v\u00e9hicule, avec outils automobiles et interface num\u00e9rique de contr\u00f4le.\" srcset=\"https:\/\/vtc-inclusif.fr\/wp-content\/uploads\/2026\/01\/Entretien-et-reparation-de-vehicule-chez-VTC-Inclusif-300x200.avif 300w, https:\/\/vtc-inclusif.fr\/wp-content\/uploads\/2026\/01\/Entretien-et-reparation-de-vehicule-chez-VTC-Inclusif-1024x683.avif 1024w, https:\/\/vtc-inclusif.fr\/wp-content\/uploads\/2026\/01\/Entretien-et-reparation-de-vehicule-chez-VTC-Inclusif-768x512.avif 768w, https:\/\/vtc-inclusif.fr\/wp-content\/uploads\/2026\/01\/Entretien-et-reparation-de-vehicule-chez-VTC-Inclusif-600x400.avif 600w, https:\/\/vtc-inclusif.fr\/wp-content\/uploads\/2026\/01\/Entretien-et-reparation-de-vehicule-chez-VTC-Inclusif.avif 1536w\" sizes=\"(max-width: 300px) 100vw, 300px\" \/>\t\t\t\t\t\t\t\t\t\t\t\t\t\t\t<\/div>\n\t\t\t\t<\/div>\n\t\t\t\t\t<\/div>\n\t\t<\/div>\n\t\t\t\t<div class=\"elementor-column elementor-col-50 elementor-top-column elementor-element elementor-element-4b120574\" data-id=\"4b120574\" data-element_type=\"column\">\n\t\t\t<div class=\"elementor-widget-wrap elementor-element-populated\">\n\t\t\t\t\t\t<div class=\"elementor-element elementor-element-14644778 elementor-widget elementor-widget-image\" data-id=\"14644778\" data-element_type=\"widget\" data-widget_type=\"image.default\">\n\t\t\t\t<div class=\"elementor-widget-container\">\n\t\t\t\t\t\t\t\t\t\t\t\t\t\t\t<img decoding=\"async\" width=\"300\" height=\"200\" src=\"https:\/\/vtc-inclusif.fr\/wp-content\/uploads\/2026\/01\/Nettoyage-et-preparation-de-vehicule-pour-chauffeur-VTC-300x200.avif\" class=\"elementor-animation-grow attachment-medium size-medium wp-image-4627\" alt=\"Illustration du nettoyage professionnel d\u2019un v\u00e9hicule VTC avec lavage haute pression, mousse et essuyage manuel.\" srcset=\"https:\/\/vtc-inclusif.fr\/wp-content\/uploads\/2026\/01\/Nettoyage-et-preparation-de-vehicule-pour-chauffeur-VTC-300x200.avif 300w, https:\/\/vtc-inclusif.fr\/wp-content\/uploads\/2026\/01\/Nettoyage-et-preparation-de-vehicule-pour-chauffeur-VTC-1024x683.avif 1024w, https:\/\/vtc-inclusif.fr\/wp-content\/uploads\/2026\/01\/Nettoyage-et-preparation-de-vehicule-pour-chauffeur-VTC-768x512.avif 768w, https:\/\/vtc-inclusif.fr\/wp-content\/uploads\/2026\/01\/Nettoyage-et-preparation-de-vehicule-pour-chauffeur-VTC-600x400.avif 600w, https:\/\/vtc-inclusif.fr\/wp-content\/uploads\/2026\/01\/Nettoyage-et-preparation-de-vehicule-pour-chauffeur-VTC.avif 1536w\" sizes=\"(max-width: 300px) 100vw, 300px\" \/>\t\t\t\t\t\t\t\t\t\t\t\t\t\t\t<\/div>\n\t\t\t\t<\/div>\n\t\t\t\t<div class=\"elementor-element elementor-element-1192047 elementor-widget elementor-widget-text-editor\" data-id=\"1192047\" data-element_type=\"widget\" data-widget_type=\"text-editor.default\">\n\t\t\t\t<div class=\"elementor-widget-container\">\n\t\t\t\t\t\t\t\t\t<p><span style=\"color: #000000;\">Profitez de nos offres d&rsquo;entretien de v\u00e9hicule avec des devis gratuits.<\/span><\/p><ul><li><span style=\"color: #000000;\">Entretien m\u00e9canique (vidange, plaquettes de frein, contr\u00f4le technique)<\/span><\/li><li><span style=\"color: #000000;\">Entretien hygi\u00e9nique (nettoyage int\u00e9rieur, ext\u00e9rieur)<\/span><\/li><\/ul>\t\t\t\t\t\t\t\t<\/div>\n\t\t\t\t<\/div>\n\t\t\t\t\t<\/div>\n\t\t<\/div>\n\t\t\t\t\t<\/div>\n\t\t<\/section>\n\t\t\t\t<section class=\"elementor-section elementor-top-section elementor-element elementor-element-c8da7a3 elementor-section-boxed elementor-section-height-default elementor-section-height-default\" data-id=\"c8da7a3\" data-element_type=\"section\">\n\t\t\t\t\t\t<div class=\"elementor-container elementor-column-gap-default\">\n\t\t\t\t\t<div class=\"elementor-column elementor-col-100 elementor-top-column elementor-element elementor-element-9588da5\" data-id=\"9588da5\" data-element_type=\"column\">\n\t\t\t<div class=\"elementor-widget-wrap elementor-element-populated\">\n\t\t\t\t\t\t<div class=\"elementor-element elementor-element-b85b5bc elementor-button-info elementor-align-center elementor-widget__width-inherit elementor-widget elementor-widget-button\" data-id=\"b85b5bc\" data-element_type=\"widget\" data-settings=\"{&quot;_animation&quot;:&quot;none&quot;}\" data-widget_type=\"button.default\">\n\t\t\t\t<div class=\"elementor-widget-container\">\n\t\t\t\t\t\t\t\t\t<div class=\"elementor-button-wrapper\">\n\t\t\t\t\t<a class=\"elementor-button elementor-button-link elementor-size-sm\" href=\"tel:%20+33%206%2066%2042%2030%2058\">\n\t\t\t\t\t\t<span class=\"elementor-button-content-wrapper\">\n\t\t\t\t\t\t\t\t\t<span class=\"elementor-button-text\">Demande de renseignement<\/span>\n\t\t\t\t\t<\/span>\n\t\t\t\t\t<\/a>\n\t\t\t\t<\/div>\n\t\t\t\t\t\t\t\t<\/div>\n\t\t\t\t<\/div>\n\t\t\t\t\t<\/div>\n\t\t<\/div>\n\t\t\t\t\t<\/div>\n\t\t<\/section>\n\t\t\t\t<\/div>\n\t\t","protected":false},"excerpt":{"rendered":"<p>Entretien M\u00e9canique et hygi\u00e9nique Faites l&rsquo;entretien de votre voiture\u200b D\u00e9couvrez les meilleures pratiques pour la vidange, le nettoyage int\u00e9rieur\/ext\u00e9rieur, le contr\u00f4le technique et la maintenance pr\u00e9ventive. Prolongez la dur\u00e9e de vie de votre v\u00e9hicule et assurez un service de qualit\u00e9 \u00e0 vos clients. Faites l&rsquo;entretien de votre voiture Profitez de nos offres d&rsquo;entretien de v\u00e9hicule [&hellip;]<\/p>\n","protected":false},"author":2,"featured_media":0,"parent":0,"menu_order":0,"comment_status":"closed","ping_status":"closed","template":"","meta":{"_acf_changed":false,"om_disable_all_campaigns":false,"_monsterinsights_skip_tracking":false,"_monsterinsights_sitenote_active":false,"_monsterinsights_sitenote_note":"","_monsterinsights_sitenote_category":0,"_uf_show_specific_survey":0,"_uf_disable_surveys":false,"footnotes":""},"class_list":["post-2467","page","type-page","status-publish","hentry"],"acf":[],"yoast_head":"<!-- This site is optimized with the Yoast SEO plugin v26.7 - https:\/\/yoast.com\/wordpress\/plugins\/seo\/ -->\n<title>Entretien voiture - VTC-Inclusif<\/title>\n<meta name=\"description\" content=\"Conseils d&#039;entretien pour chauffeurs VTC : d\u00e9couvrez les meilleures pratiques pour la vidange, le nettoyage int\u00e9rieur\/ext\u00e9rieur, le contr\u00f4le technique et la maintenance pr\u00e9ventive. Prolongez la dur\u00e9e de vie de votre v\u00e9hicule et assurez un service de qualit\u00e9 \u00e0 vos clients.\" \/>\n<meta name=\"robots\" content=\"index, follow, max-snippet:-1, max-image-preview:large, max-video-preview:-1\" \/>\n<link rel=\"canonical\" href=\"https:\/\/vtc-inclusif.fr\/index.php\/entretien-voiture\/\" \/>\n<meta property=\"og:locale\" content=\"fr_FR\" \/>\n<meta property=\"og:type\" content=\"article\" \/>\n<meta property=\"og:title\" content=\"Entretien voiture - VTC-Inclusif\" \/>\n<meta property=\"og:description\" content=\"Conseils d&#039;entretien pour chauffeurs VTC : d\u00e9couvrez les meilleures pratiques pour la vidange, le nettoyage int\u00e9rieur\/ext\u00e9rieur, le contr\u00f4le technique et la maintenance pr\u00e9ventive. Prolongez la dur\u00e9e de vie de votre v\u00e9hicule et assurez un service de qualit\u00e9 \u00e0 vos clients.\" \/>\n<meta property=\"og:url\" content=\"https:\/\/vtc-inclusif.fr\/index.php\/entretien-voiture\/\" \/>\n<meta property=\"og:site_name\" content=\"VTC-Inclusif\" \/>\n<meta property=\"article:modified_time\" content=\"2026-01-26T20:08:51+00:00\" \/>\n<meta property=\"og:image\" content=\"https:\/\/vtc-inclusif.fr\/wp-content\/uploads\/2025\/04\/th.jpeg\" \/>\n\t<meta property=\"og:image:width\" content=\"180\" \/>\n\t<meta property=\"og:image:height\" content=\"180\" \/>\n\t<meta property=\"og:image:type\" content=\"image\/jpeg\" \/>\n<meta name=\"twitter:card\" content=\"summary_large_image\" \/>\n<meta name=\"twitter:label1\" content=\"Dur\u00e9e de lecture estim\u00e9e\" \/>\n\t<meta name=\"twitter:data1\" content=\"1 minute\" \/>\n<script type=\"application\/ld+json\" class=\"yoast-schema-graph\">{\"@context\":\"https:\/\/schema.org\",\"@graph\":[{\"@type\":\"WebPage\",\"@id\":\"https:\/\/vtc-inclusif.fr\/index.php\/entretien-voiture\/\",\"url\":\"https:\/\/vtc-inclusif.fr\/index.php\/entretien-voiture\/\",\"name\":\"Entretien voiture - VTC-Inclusif\",\"isPartOf\":{\"@id\":\"https:\/\/vtc-inclusif.fr\/#website\"},\"primaryImageOfPage\":{\"@id\":\"https:\/\/vtc-inclusif.fr\/index.php\/entretien-voiture\/#primaryimage\"},\"image\":{\"@id\":\"https:\/\/vtc-inclusif.fr\/index.php\/entretien-voiture\/#primaryimage\"},\"thumbnailUrl\":\"https:\/\/vtc-inclusif.fr\/wp-content\/uploads\/2025\/04\/th.jpeg\",\"datePublished\":\"2025-04-24T14:44:58+00:00\",\"dateModified\":\"2026-01-26T20:08:51+00:00\",\"description\":\"Conseils d'entretien pour chauffeurs VTC : d\u00e9couvrez les meilleures pratiques pour la vidange, le nettoyage int\u00e9rieur\/ext\u00e9rieur, le contr\u00f4le technique et la maintenance pr\u00e9ventive. Prolongez la dur\u00e9e de vie de votre v\u00e9hicule et assurez un service de qualit\u00e9 \u00e0 vos clients.\",\"breadcrumb\":{\"@id\":\"https:\/\/vtc-inclusif.fr\/index.php\/entretien-voiture\/#breadcrumb\"},\"inLanguage\":\"fr-FR\",\"potentialAction\":[{\"@type\":\"ReadAction\",\"target\":[\"https:\/\/vtc-inclusif.fr\/index.php\/entretien-voiture\/\"]}]},{\"@type\":\"ImageObject\",\"inLanguage\":\"fr-FR\",\"@id\":\"https:\/\/vtc-inclusif.fr\/index.php\/entretien-voiture\/#primaryimage\",\"url\":\"https:\/\/vtc-inclusif.fr\/wp-content\/uploads\/2025\/04\/th.jpeg\",\"contentUrl\":\"https:\/\/vtc-inclusif.fr\/wp-content\/uploads\/2025\/04\/th.jpeg\",\"width\":180,\"height\":180},{\"@type\":\"BreadcrumbList\",\"@id\":\"https:\/\/vtc-inclusif.fr\/index.php\/entretien-voiture\/#breadcrumb\",\"itemListElement\":[{\"@type\":\"ListItem\",\"position\":1,\"name\":\"Accueil\",\"item\":\"https:\/\/vtc-inclusif.fr\/\"},{\"@type\":\"ListItem\",\"position\":2,\"name\":\"Entretien voiture\"}]},{\"@type\":\"WebSite\",\"@id\":\"https:\/\/vtc-inclusif.fr\/#website\",\"url\":\"https:\/\/vtc-inclusif.fr\/\",\"name\":\"VTC-Inclusif\",\"description\":\"Examen blanc vtc et Location de v\u00e9hicule double commande pour examen VTC pratique\",\"publisher\":{\"@id\":\"https:\/\/vtc-inclusif.fr\/#organization\"},\"potentialAction\":[{\"@type\":\"SearchAction\",\"target\":{\"@type\":\"EntryPoint\",\"urlTemplate\":\"https:\/\/vtc-inclusif.fr\/?s={search_term_string}\"},\"query-input\":{\"@type\":\"PropertyValueSpecification\",\"valueRequired\":true,\"valueName\":\"search_term_string\"}}],\"inLanguage\":\"fr-FR\"},{\"@type\":\"Organization\",\"@id\":\"https:\/\/vtc-inclusif.fr\/#organization\",\"name\":\"VTC-Inclusif\",\"url\":\"https:\/\/vtc-inclusif.fr\/\",\"logo\":{\"@type\":\"ImageObject\",\"inLanguage\":\"fr-FR\",\"@id\":\"https:\/\/vtc-inclusif.fr\/#\/schema\/logo\/image\/\",\"url\":\"https:\/\/vtc-inclusif.fr\/wp-content\/uploads\/2023\/07\/logo-site.png\",\"contentUrl\":\"https:\/\/vtc-inclusif.fr\/wp-content\/uploads\/2023\/07\/logo-site.png\",\"width\":350,\"height\":100,\"caption\":\"VTC-Inclusif\"},\"image\":{\"@id\":\"https:\/\/vtc-inclusif.fr\/#\/schema\/logo\/image\/\"}}]}<\/script>\n<!-- \/ Yoast SEO plugin. -->","yoast_head_json":{"title":"Entretien voiture - VTC-Inclusif","description":"Conseils d'entretien pour chauffeurs VTC : d\u00e9couvrez les meilleures pratiques pour la vidange, le nettoyage int\u00e9rieur\/ext\u00e9rieur, le contr\u00f4le technique et la maintenance pr\u00e9ventive. Prolongez la dur\u00e9e de vie de votre v\u00e9hicule et assurez un service de qualit\u00e9 \u00e0 vos clients.","robots":{"index":"index","follow":"follow","max-snippet":"max-snippet:-1","max-image-preview":"max-image-preview:large","max-video-preview":"max-video-preview:-1"},"canonical":"https:\/\/vtc-inclusif.fr\/index.php\/entretien-voiture\/","og_locale":"fr_FR","og_type":"article","og_title":"Entretien voiture - VTC-Inclusif","og_description":"Conseils d'entretien pour chauffeurs VTC : d\u00e9couvrez les meilleures pratiques pour la vidange, le nettoyage int\u00e9rieur\/ext\u00e9rieur, le contr\u00f4le technique et la maintenance pr\u00e9ventive. Prolongez la dur\u00e9e de vie de votre v\u00e9hicule et assurez un service de qualit\u00e9 \u00e0 vos clients.","og_url":"https:\/\/vtc-inclusif.fr\/index.php\/entretien-voiture\/","og_site_name":"VTC-Inclusif","article_modified_time":"2026-01-26T20:08:51+00:00","og_image":[{"width":180,"height":180,"url":"https:\/\/vtc-inclusif.fr\/wp-content\/uploads\/2025\/04\/th.jpeg","type":"image\/jpeg"}],"twitter_card":"summary_large_image","twitter_misc":{"Dur\u00e9e de lecture estim\u00e9e":"1 minute"},"schema":{"@context":"https:\/\/schema.org","@graph":[{"@type":"WebPage","@id":"https:\/\/vtc-inclusif.fr\/index.php\/entretien-voiture\/","url":"https:\/\/vtc-inclusif.fr\/index.php\/entretien-voiture\/","name":"Entretien voiture - VTC-Inclusif","isPartOf":{"@id":"https:\/\/vtc-inclusif.fr\/#website"},"primaryImageOfPage":{"@id":"https:\/\/vtc-inclusif.fr\/index.php\/entretien-voiture\/#primaryimage"},"image":{"@id":"https:\/\/vtc-inclusif.fr\/index.php\/entretien-voiture\/#primaryimage"},"thumbnailUrl":"https:\/\/vtc-inclusif.fr\/wp-content\/uploads\/2025\/04\/th.jpeg","datePublished":"2025-04-24T14:44:58+00:00","dateModified":"2026-01-26T20:08:51+00:00","description":"Conseils d'entretien pour chauffeurs VTC : d\u00e9couvrez les meilleures pratiques pour la vidange, le nettoyage int\u00e9rieur\/ext\u00e9rieur, le contr\u00f4le technique et la maintenance pr\u00e9ventive. Prolongez la dur\u00e9e de vie de votre v\u00e9hicule et assurez un service de qualit\u00e9 \u00e0 vos clients.","breadcrumb":{"@id":"https:\/\/vtc-inclusif.fr\/index.php\/entretien-voiture\/#breadcrumb"},"inLanguage":"fr-FR","potentialAction":[{"@type":"ReadAction","target":["https:\/\/vtc-inclusif.fr\/index.php\/entretien-voiture\/"]}]},{"@type":"ImageObject","inLanguage":"fr-FR","@id":"https:\/\/vtc-inclusif.fr\/index.php\/entretien-voiture\/#primaryimage","url":"https:\/\/vtc-inclusif.fr\/wp-content\/uploads\/2025\/04\/th.jpeg","contentUrl":"https:\/\/vtc-inclusif.fr\/wp-content\/uploads\/2025\/04\/th.jpeg","width":180,"height":180},{"@type":"BreadcrumbList","@id":"https:\/\/vtc-inclusif.fr\/index.php\/entretien-voiture\/#breadcrumb","itemListElement":[{"@type":"ListItem","position":1,"name":"Accueil","item":"https:\/\/vtc-inclusif.fr\/"},{"@type":"ListItem","position":2,"name":"Entretien voiture"}]},{"@type":"WebSite","@id":"https:\/\/vtc-inclusif.fr\/#website","url":"https:\/\/vtc-inclusif.fr\/","name":"VTC-Inclusif","description":"Examen blanc vtc et Location de v\u00e9hicule double commande pour examen VTC pratique","publisher":{"@id":"https:\/\/vtc-inclusif.fr\/#organization"},"potentialAction":[{"@type":"SearchAction","target":{"@type":"EntryPoint","urlTemplate":"https:\/\/vtc-inclusif.fr\/?s={search_term_string}"},"query-input":{"@type":"PropertyValueSpecification","valueRequired":true,"valueName":"search_term_string"}}],"inLanguage":"fr-FR"},{"@type":"Organization","@id":"https:\/\/vtc-inclusif.fr\/#organization","name":"VTC-Inclusif","url":"https:\/\/vtc-inclusif.fr\/","logo":{"@type":"ImageObject","inLanguage":"fr-FR","@id":"https:\/\/vtc-inclusif.fr\/#\/schema\/logo\/image\/","url":"https:\/\/vtc-inclusif.fr\/wp-content\/uploads\/2023\/07\/logo-site.png","contentUrl":"https:\/\/vtc-inclusif.fr\/wp-content\/uploads\/2023\/07\/logo-site.png","width":350,"height":100,"caption":"VTC-Inclusif"},"image":{"@id":"https:\/\/vtc-inclusif.fr\/#\/schema\/logo\/image\/"}}]}},"_links":{"self":[{"href":"https:\/\/vtc-inclusif.fr\/index.php\/wp-json\/wp\/v2\/pages\/2467","targetHints":{"allow":["GET"]}}],"collection":[{"href":"https:\/\/vtc-inclusif.fr\/index.php\/wp-json\/wp\/v2\/pages"}],"about":[{"href":"https:\/\/vtc-inclusif.fr\/index.php\/wp-json\/wp\/v2\/types\/page"}],"author":[{"embeddable":true,"href":"https:\/\/vtc-inclusif.fr\/index.php\/wp-json\/wp\/v2\/users\/2"}],"replies":[{"embeddable":true,"href":"https:\/\/vtc-inclusif.fr\/index.php\/wp-json\/wp\/v2\/comments?post=2467"}],"version-history":[{"count":33,"href":"https:\/\/vtc-inclusif.fr\/index.php\/wp-json\/wp\/v2\/pages\/2467\/revisions"}],"predecessor-version":[{"id":4651,"href":"https:\/\/vtc-inclusif.fr\/index.php\/wp-json\/wp\/v2\/pages\/2467\/revisions\/4651"}],"wp:attachment":[{"href":"https:\/\/vtc-inclusif.fr\/index.php\/wp-json\/wp\/v2\/media?parent=2467"}],"curies":[{"name":"wp","href":"https:\/\/api.w.org\/{rel}","templated":true}]}}