{"id":2470,"date":"2025-04-24T16:48:49","date_gmt":"2025-04-24T14:48:49","guid":{"rendered":"https:\/\/vtc-inclusif.fr\/?page_id=2470"},"modified":"2026-01-26T21:09:07","modified_gmt":"2026-01-26T20:09:07","slug":"la-boutique","status":"publish","type":"page","link":"https:\/\/vtc-inclusif.fr\/index.php\/la-boutique\/","title":{"rendered":"Boutique"},"content":{"rendered":"\t\t<div data-elementor-type=\"wp-page\" data-elementor-id=\"2470\" class=\"elementor elementor-2470\" data-elementor-post-type=\"page\">\n\t\t\t\t\t\t<section class=\"elementor-section elementor-top-section elementor-element elementor-element-b05d486 elementor-section-boxed elementor-section-height-default elementor-section-height-default\" data-id=\"b05d486\" data-element_type=\"section\" data-settings=\"{&quot;background_background&quot;:&quot;classic&quot;}\">\n\t\t\t\t\t\t<div class=\"elementor-container elementor-column-gap-no\">\n\t\t\t\t\t<div class=\"elementor-column elementor-col-100 elementor-top-column elementor-element elementor-element-9253753\" data-id=\"9253753\" data-element_type=\"column\">\n\t\t\t<div class=\"elementor-widget-wrap elementor-element-populated\">\n\t\t\t\t\t\t<div class=\"elementor-element elementor-element-2470096 elementor-vertical-align-middle elementor-position-left elementor-widget elementor-widget-image-box\" data-id=\"2470096\" data-element_type=\"widget\" data-widget_type=\"image-box.default\">\n\t\t\t\t<div class=\"elementor-widget-container\">\n\t\t\t\t\t<div class=\"elementor-image-box-wrapper\"><figure class=\"elementor-image-box-img\"><img fetchpriority=\"high\" decoding=\"async\" width=\"297\" height=\"180\" src=\"https:\/\/vtc-inclusif.fr\/wp-content\/uploads\/2025\/04\/shop.jpeg\" class=\"attachment-full size-full wp-image-2482\" alt=\"\" \/><\/figure><div class=\"elementor-image-box-content\"><h3 class=\"elementor-image-box-title\">Shop<\/h3><p class=\"elementor-image-box-description\">Choisissez le confort<\/p><\/div><\/div>\t\t\t\t<\/div>\n\t\t\t\t<\/div>\n\t\t\t\t<div class=\"elementor-element elementor-element-34be3b0 elementor-widget-divider--view-line elementor-widget elementor-widget-divider\" data-id=\"34be3b0\" data-element_type=\"widget\" data-widget_type=\"divider.default\">\n\t\t\t\t<div class=\"elementor-widget-container\">\n\t\t\t\t\t\t\t<div class=\"elementor-divider\">\n\t\t\t<span class=\"elementor-divider-separator\">\n\t\t\t\t\t\t<\/span>\n\t\t<\/div>\n\t\t\t\t\t\t<\/div>\n\t\t\t\t<\/div>\n\t\t\t\t\t<\/div>\n\t\t<\/div>\n\t\t\t\t\t<\/div>\n\t\t<\/section>\n\t\t\t\t<section class=\"elementor-section elementor-top-section elementor-element elementor-element-8bb2108 elementor-section-content-middle elementor-section-boxed elementor-section-height-default elementor-section-height-default\" data-id=\"8bb2108\" data-element_type=\"section\">\n\t\t\t\t\t\t<div class=\"elementor-container elementor-column-gap-default\">\n\t\t\t\t\t<div class=\"elementor-column elementor-col-100 elementor-top-column elementor-element elementor-element-2d88490\" data-id=\"2d88490\" data-element_type=\"column\">\n\t\t\t<div class=\"elementor-widget-wrap elementor-element-populated\">\n\t\t\t\t\t\t<div class=\"elementor-element elementor-element-7ecadbb elementor-widget__width-initial elementor-widget elementor-widget-heading\" data-id=\"7ecadbb\" data-element_type=\"widget\" data-widget_type=\"heading.default\">\n\t\t\t\t<div class=\"elementor-widget-container\">\n\t\t\t\t\t<h1 class=\"elementor-heading-title elementor-size-default\">Le shop<\/h1>\t\t\t\t<\/div>\n\t\t\t\t<\/div>\n\t\t\t\t<div class=\"elementor-element elementor-element-c39cf92 elementor-widget elementor-widget-heading\" data-id=\"c39cf92\" data-element_type=\"widget\" data-widget_type=\"heading.default\">\n\t\t\t\t<div class=\"elementor-widget-container\">\n\t\t\t\t\t<p class=\"elementor-heading-title elementor-size-default\">D\u00e9couvrez les plus qui feront de vous un inoubliable.<\/p>\t\t\t\t<\/div>\n\t\t\t\t<\/div>\n\t\t\t\t\t<\/div>\n\t\t<\/div>\n\t\t\t\t\t<\/div>\n\t\t<\/section>\n\t\t\t\t<section class=\"elementor-section elementor-top-section elementor-element elementor-element-d14da3e elementor-section-content-middle elementor-section-boxed elementor-section-height-default elementor-section-height-default\" data-id=\"d14da3e\" data-element_type=\"section\">\n\t\t\t\t\t\t<div class=\"elementor-container elementor-column-gap-no\">\n\t\t\t\t\t<div class=\"elementor-column elementor-col-50 elementor-top-column elementor-element elementor-element-e580e4e\" data-id=\"e580e4e\" data-element_type=\"column\">\n\t\t\t<div class=\"elementor-widget-wrap elementor-element-populated\">\n\t\t\t\t\t\t<div class=\"elementor-element elementor-element-34731e0 elementor-widget elementor-widget-heading\" data-id=\"34731e0\" data-element_type=\"widget\" data-widget_type=\"heading.default\">\n\t\t\t\t<div class=\"elementor-widget-container\">\n\t\t\t\t\t<h3 class=\"elementor-heading-title elementor-size-default\">Optimisez votre activit\u00e9<\/h3>\t\t\t\t<\/div>\n\t\t\t\t<\/div>\n\t\t\t\t<div class=\"elementor-element elementor-element-6487a16 elementor-widget elementor-widget-image\" data-id=\"6487a16\" data-element_type=\"widget\" data-widget_type=\"image.default\">\n\t\t\t\t<div class=\"elementor-widget-container\">\n\t\t\t\t\t\t\t\t\t\t\t\t\t\t\t<img decoding=\"async\" width=\"300\" height=\"200\" src=\"https:\/\/vtc-inclusif.fr\/wp-content\/uploads\/2026\/01\/Livre-de-formation-VTC-\u2013-Apprendre-a-devenir-chauffeur-professionnel-300x200.avif\" class=\"elementor-animation-grow attachment-medium size-medium wp-image-4643\" alt=\"Illustration d\u2019un livre de formation VTC destin\u00e9 \u00e0 l\u2019apprentissage du m\u00e9tier de chauffeur, pr\u00e9sent\u00e9 avec des exemplaires, des outils p\u00e9dagogiques et des symboles de vente en ligne.\" srcset=\"https:\/\/vtc-inclusif.fr\/wp-content\/uploads\/2026\/01\/Livre-de-formation-VTC-\u2013-Apprendre-a-devenir-chauffeur-professionnel-300x200.avif 300w, https:\/\/vtc-inclusif.fr\/wp-content\/uploads\/2026\/01\/Livre-de-formation-VTC-\u2013-Apprendre-a-devenir-chauffeur-professionnel-1024x683.avif 1024w, https:\/\/vtc-inclusif.fr\/wp-content\/uploads\/2026\/01\/Livre-de-formation-VTC-\u2013-Apprendre-a-devenir-chauffeur-professionnel-768x512.avif 768w, https:\/\/vtc-inclusif.fr\/wp-content\/uploads\/2026\/01\/Livre-de-formation-VTC-\u2013-Apprendre-a-devenir-chauffeur-professionnel-600x400.avif 600w, https:\/\/vtc-inclusif.fr\/wp-content\/uploads\/2026\/01\/Livre-de-formation-VTC-\u2013-Apprendre-a-devenir-chauffeur-professionnel.avif 1536w\" sizes=\"(max-width: 300px) 100vw, 300px\" \/>\t\t\t\t\t\t\t\t\t\t\t\t\t\t\t<\/div>\n\t\t\t\t<\/div>\n\t\t\t\t\t<\/div>\n\t\t<\/div>\n\t\t\t\t<div class=\"elementor-column elementor-col-50 elementor-top-column elementor-element elementor-element-cc2a113\" data-id=\"cc2a113\" data-element_type=\"column\">\n\t\t\t<div class=\"elementor-widget-wrap elementor-element-populated\">\n\t\t\t\t\t\t<div class=\"elementor-element elementor-element-d20cdef elementor-widget elementor-widget-image\" data-id=\"d20cdef\" data-element_type=\"widget\" data-widget_type=\"image.default\">\n\t\t\t\t<div class=\"elementor-widget-container\">\n\t\t\t\t\t\t\t\t\t\t\t\t\t\t\t<img decoding=\"async\" width=\"300\" height=\"200\" src=\"https:\/\/vtc-inclusif.fr\/wp-content\/uploads\/2026\/01\/Vente-de-produits-automobiles-et-supports-de-formation-VTC-300x200.avif\" class=\"elementor-animation-grow attachment-medium size-medium wp-image-4648\" alt=\"Illustration pr\u00e9sentant des produits automobiles et des supports de formation, incluant livres, accessoires de voiture et \u00e9quipements li\u00e9s \u00e0 l\u2019activit\u00e9 VTC.\" srcset=\"https:\/\/vtc-inclusif.fr\/wp-content\/uploads\/2026\/01\/Vente-de-produits-automobiles-et-supports-de-formation-VTC-300x200.avif 300w, https:\/\/vtc-inclusif.fr\/wp-content\/uploads\/2026\/01\/Vente-de-produits-automobiles-et-supports-de-formation-VTC-1024x683.avif 1024w, https:\/\/vtc-inclusif.fr\/wp-content\/uploads\/2026\/01\/Vente-de-produits-automobiles-et-supports-de-formation-VTC-768x512.avif 768w, https:\/\/vtc-inclusif.fr\/wp-content\/uploads\/2026\/01\/Vente-de-produits-automobiles-et-supports-de-formation-VTC-600x400.avif 600w, https:\/\/vtc-inclusif.fr\/wp-content\/uploads\/2026\/01\/Vente-de-produits-automobiles-et-supports-de-formation-VTC.avif 1536w\" sizes=\"(max-width: 300px) 100vw, 300px\" \/>\t\t\t\t\t\t\t\t\t\t\t\t\t\t\t<\/div>\n\t\t\t\t<\/div>\n\t\t\t\t<div class=\"elementor-element elementor-element-9e2d9d0 elementor-widget elementor-widget-text-editor\" data-id=\"9e2d9d0\" data-element_type=\"widget\" data-widget_type=\"text-editor.default\">\n\t\t\t\t<div class=\"elementor-widget-container\">\n\t\t\t\t\t\t\t\t\t<p><span style=\"color: #000000;\">Profitez de nos offres de nos produits.<\/span><\/p><ul><li><span style=\"color: #000000;\">Livre de formation th\u00e9orique VTC<\/span><\/li><li><span style=\"color: #000000;\">Livre de formation pratique VTC<\/span><\/li><\/ul>\t\t\t\t\t\t\t\t<\/div>\n\t\t\t\t<\/div>\n\t\t\t\t\t<\/div>\n\t\t<\/div>\n\t\t\t\t\t<\/div>\n\t\t<\/section>\n\t\t\t\t<\/div>\n\t\t","protected":false},"excerpt":{"rendered":"<p>Shop Choisissez le confort Le shop D\u00e9couvrez les plus qui feront de vous un inoubliable. Optimisez votre activit\u00e9 Profitez de nos offres de nos produits. Livre de formation th\u00e9orique VTC Livre de formation pratique VTC<\/p>\n","protected":false},"author":2,"featured_media":0,"parent":0,"menu_order":0,"comment_status":"closed","ping_status":"closed","template":"","meta":{"_acf_changed":false,"om_disable_all_campaigns":false,"_monsterinsights_skip_tracking":false,"_monsterinsights_sitenote_active":false,"_monsterinsights_sitenote_note":"","_monsterinsights_sitenote_category":0,"_uf_show_specific_survey":0,"_uf_disable_surveys":false,"footnotes":""},"class_list":["post-2470","page","type-page","status-publish","hentry"],"acf":[],"yoast_head":"<!-- This site is optimized with the Yoast SEO plugin v26.7 - https:\/\/yoast.com\/wordpress\/plugins\/seo\/ -->\n<title>Boutique - VTC-Inclusif<\/title>\n<meta name=\"robots\" content=\"index, follow, max-snippet:-1, max-image-preview:large, max-video-preview:-1\" \/>\n<link rel=\"canonical\" href=\"https:\/\/vtc-inclusif.fr\/index.php\/la-boutique\/\" \/>\n<meta property=\"og:locale\" content=\"fr_FR\" \/>\n<meta property=\"og:type\" content=\"article\" \/>\n<meta property=\"og:title\" content=\"Boutique - VTC-Inclusif\" \/>\n<meta property=\"og:description\" content=\"Shop Choisissez le confort Le shop D\u00e9couvrez les plus qui feront de vous un inoubliable. Optimisez votre activit\u00e9 Profitez de nos offres de nos produits. Livre de formation th\u00e9orique VTC Livre de formation pratique VTC\" \/>\n<meta property=\"og:url\" content=\"https:\/\/vtc-inclusif.fr\/index.php\/la-boutique\/\" \/>\n<meta property=\"og:site_name\" content=\"VTC-Inclusif\" \/>\n<meta property=\"article:modified_time\" content=\"2026-01-26T20:09:07+00:00\" \/>\n<meta property=\"og:image\" content=\"https:\/\/vtc-inclusif.fr\/wp-content\/uploads\/2025\/04\/shop.jpeg\" \/>\n\t<meta property=\"og:image:width\" content=\"297\" \/>\n\t<meta property=\"og:image:height\" content=\"180\" \/>\n\t<meta property=\"og:image:type\" content=\"image\/jpeg\" \/>\n<meta name=\"twitter:card\" content=\"summary_large_image\" \/>\n<meta name=\"twitter:label1\" content=\"Dur\u00e9e de lecture estim\u00e9e\" \/>\n\t<meta name=\"twitter:data1\" content=\"1 minute\" \/>\n<script type=\"application\/ld+json\" class=\"yoast-schema-graph\">{\"@context\":\"https:\/\/schema.org\",\"@graph\":[{\"@type\":\"WebPage\",\"@id\":\"https:\/\/vtc-inclusif.fr\/index.php\/la-boutique\/\",\"url\":\"https:\/\/vtc-inclusif.fr\/index.php\/la-boutique\/\",\"name\":\"Boutique - VTC-Inclusif\",\"isPartOf\":{\"@id\":\"https:\/\/vtc-inclusif.fr\/#website\"},\"primaryImageOfPage\":{\"@id\":\"https:\/\/vtc-inclusif.fr\/index.php\/la-boutique\/#primaryimage\"},\"image\":{\"@id\":\"https:\/\/vtc-inclusif.fr\/index.php\/la-boutique\/#primaryimage\"},\"thumbnailUrl\":\"https:\/\/vtc-inclusif.fr\/wp-content\/uploads\/2025\/04\/shop.jpeg\",\"datePublished\":\"2025-04-24T14:48:49+00:00\",\"dateModified\":\"2026-01-26T20:09:07+00:00\",\"breadcrumb\":{\"@id\":\"https:\/\/vtc-inclusif.fr\/index.php\/la-boutique\/#breadcrumb\"},\"inLanguage\":\"fr-FR\",\"potentialAction\":[{\"@type\":\"ReadAction\",\"target\":[\"https:\/\/vtc-inclusif.fr\/index.php\/la-boutique\/\"]}]},{\"@type\":\"ImageObject\",\"inLanguage\":\"fr-FR\",\"@id\":\"https:\/\/vtc-inclusif.fr\/index.php\/la-boutique\/#primaryimage\",\"url\":\"https:\/\/vtc-inclusif.fr\/wp-content\/uploads\/2025\/04\/shop.jpeg\",\"contentUrl\":\"https:\/\/vtc-inclusif.fr\/wp-content\/uploads\/2025\/04\/shop.jpeg\",\"width\":297,\"height\":180},{\"@type\":\"BreadcrumbList\",\"@id\":\"https:\/\/vtc-inclusif.fr\/index.php\/la-boutique\/#breadcrumb\",\"itemListElement\":[{\"@type\":\"ListItem\",\"position\":1,\"name\":\"Accueil\",\"item\":\"https:\/\/vtc-inclusif.fr\/\"},{\"@type\":\"ListItem\",\"position\":2,\"name\":\"Boutique\"}]},{\"@type\":\"WebSite\",\"@id\":\"https:\/\/vtc-inclusif.fr\/#website\",\"url\":\"https:\/\/vtc-inclusif.fr\/\",\"name\":\"VTC-Inclusif\",\"description\":\"Examen blanc vtc et Location de v\u00e9hicule double commande pour examen VTC pratique\",\"publisher\":{\"@id\":\"https:\/\/vtc-inclusif.fr\/#organization\"},\"potentialAction\":[{\"@type\":\"SearchAction\",\"target\":{\"@type\":\"EntryPoint\",\"urlTemplate\":\"https:\/\/vtc-inclusif.fr\/?s={search_term_string}\"},\"query-input\":{\"@type\":\"PropertyValueSpecification\",\"valueRequired\":true,\"valueName\":\"search_term_string\"}}],\"inLanguage\":\"fr-FR\"},{\"@type\":\"Organization\",\"@id\":\"https:\/\/vtc-inclusif.fr\/#organization\",\"name\":\"VTC-Inclusif\",\"url\":\"https:\/\/vtc-inclusif.fr\/\",\"logo\":{\"@type\":\"ImageObject\",\"inLanguage\":\"fr-FR\",\"@id\":\"https:\/\/vtc-inclusif.fr\/#\/schema\/logo\/image\/\",\"url\":\"https:\/\/vtc-inclusif.fr\/wp-content\/uploads\/2023\/07\/logo-site.png\",\"contentUrl\":\"https:\/\/vtc-inclusif.fr\/wp-content\/uploads\/2023\/07\/logo-site.png\",\"width\":350,\"height\":100,\"caption\":\"VTC-Inclusif\"},\"image\":{\"@id\":\"https:\/\/vtc-inclusif.fr\/#\/schema\/logo\/image\/\"}}]}<\/script>\n<!-- \/ Yoast SEO plugin. -->","yoast_head_json":{"title":"Boutique - VTC-Inclusif","robots":{"index":"index","follow":"follow","max-snippet":"max-snippet:-1","max-image-preview":"max-image-preview:large","max-video-preview":"max-video-preview:-1"},"canonical":"https:\/\/vtc-inclusif.fr\/index.php\/la-boutique\/","og_locale":"fr_FR","og_type":"article","og_title":"Boutique - VTC-Inclusif","og_description":"Shop Choisissez le confort Le shop D\u00e9couvrez les plus qui feront de vous un inoubliable. Optimisez votre activit\u00e9 Profitez de nos offres de nos produits. Livre de formation th\u00e9orique VTC Livre de formation pratique VTC","og_url":"https:\/\/vtc-inclusif.fr\/index.php\/la-boutique\/","og_site_name":"VTC-Inclusif","article_modified_time":"2026-01-26T20:09:07+00:00","og_image":[{"width":297,"height":180,"url":"https:\/\/vtc-inclusif.fr\/wp-content\/uploads\/2025\/04\/shop.jpeg","type":"image\/jpeg"}],"twitter_card":"summary_large_image","twitter_misc":{"Dur\u00e9e de lecture estim\u00e9e":"1 minute"},"schema":{"@context":"https:\/\/schema.org","@graph":[{"@type":"WebPage","@id":"https:\/\/vtc-inclusif.fr\/index.php\/la-boutique\/","url":"https:\/\/vtc-inclusif.fr\/index.php\/la-boutique\/","name":"Boutique - VTC-Inclusif","isPartOf":{"@id":"https:\/\/vtc-inclusif.fr\/#website"},"primaryImageOfPage":{"@id":"https:\/\/vtc-inclusif.fr\/index.php\/la-boutique\/#primaryimage"},"image":{"@id":"https:\/\/vtc-inclusif.fr\/index.php\/la-boutique\/#primaryimage"},"thumbnailUrl":"https:\/\/vtc-inclusif.fr\/wp-content\/uploads\/2025\/04\/shop.jpeg","datePublished":"2025-04-24T14:48:49+00:00","dateModified":"2026-01-26T20:09:07+00:00","breadcrumb":{"@id":"https:\/\/vtc-inclusif.fr\/index.php\/la-boutique\/#breadcrumb"},"inLanguage":"fr-FR","potentialAction":[{"@type":"ReadAction","target":["https:\/\/vtc-inclusif.fr\/index.php\/la-boutique\/"]}]},{"@type":"ImageObject","inLanguage":"fr-FR","@id":"https:\/\/vtc-inclusif.fr\/index.php\/la-boutique\/#primaryimage","url":"https:\/\/vtc-inclusif.fr\/wp-content\/uploads\/2025\/04\/shop.jpeg","contentUrl":"https:\/\/vtc-inclusif.fr\/wp-content\/uploads\/2025\/04\/shop.jpeg","width":297,"height":180},{"@type":"BreadcrumbList","@id":"https:\/\/vtc-inclusif.fr\/index.php\/la-boutique\/#breadcrumb","itemListElement":[{"@type":"ListItem","position":1,"name":"Accueil","item":"https:\/\/vtc-inclusif.fr\/"},{"@type":"ListItem","position":2,"name":"Boutique"}]},{"@type":"WebSite","@id":"https:\/\/vtc-inclusif.fr\/#website","url":"https:\/\/vtc-inclusif.fr\/","name":"VTC-Inclusif","description":"Examen blanc vtc et Location de v\u00e9hicule double commande pour examen VTC pratique","publisher":{"@id":"https:\/\/vtc-inclusif.fr\/#organization"},"potentialAction":[{"@type":"SearchAction","target":{"@type":"EntryPoint","urlTemplate":"https:\/\/vtc-inclusif.fr\/?s={search_term_string}"},"query-input":{"@type":"PropertyValueSpecification","valueRequired":true,"valueName":"search_term_string"}}],"inLanguage":"fr-FR"},{"@type":"Organization","@id":"https:\/\/vtc-inclusif.fr\/#organization","name":"VTC-Inclusif","url":"https:\/\/vtc-inclusif.fr\/","logo":{"@type":"ImageObject","inLanguage":"fr-FR","@id":"https:\/\/vtc-inclusif.fr\/#\/schema\/logo\/image\/","url":"https:\/\/vtc-inclusif.fr\/wp-content\/uploads\/2023\/07\/logo-site.png","contentUrl":"https:\/\/vtc-inclusif.fr\/wp-content\/uploads\/2023\/07\/logo-site.png","width":350,"height":100,"caption":"VTC-Inclusif"},"image":{"@id":"https:\/\/vtc-inclusif.fr\/#\/schema\/logo\/image\/"}}]}},"_links":{"self":[{"href":"https:\/\/vtc-inclusif.fr\/index.php\/wp-json\/wp\/v2\/pages\/2470","targetHints":{"allow":["GET"]}}],"collection":[{"href":"https:\/\/vtc-inclusif.fr\/index.php\/wp-json\/wp\/v2\/pages"}],"about":[{"href":"https:\/\/vtc-inclusif.fr\/index.php\/wp-json\/wp\/v2\/types\/page"}],"author":[{"embeddable":true,"href":"https:\/\/vtc-inclusif.fr\/index.php\/wp-json\/wp\/v2\/users\/2"}],"replies":[{"embeddable":true,"href":"https:\/\/vtc-inclusif.fr\/index.php\/wp-json\/wp\/v2\/comments?post=2470"}],"version-history":[{"count":22,"href":"https:\/\/vtc-inclusif.fr\/index.php\/wp-json\/wp\/v2\/pages\/2470\/revisions"}],"predecessor-version":[{"id":4861,"href":"https:\/\/vtc-inclusif.fr\/index.php\/wp-json\/wp\/v2\/pages\/2470\/revisions\/4861"}],"wp:attachment":[{"href":"https:\/\/vtc-inclusif.fr\/index.php\/wp-json\/wp\/v2\/media?parent=2470"}],"curies":[{"name":"wp","href":"https:\/\/api.w.org\/{rel}","templated":true}]}}