{"id":2472,"date":"2025-04-24T16:49:46","date_gmt":"2025-04-24T14:49:46","guid":{"rendered":"https:\/\/vtc-inclusif.fr\/?page_id=2472"},"modified":"2026-01-26T20:39:52","modified_gmt":"2026-01-26T19:39:52","slug":"la-publicite","status":"publish","type":"page","link":"https:\/\/vtc-inclusif.fr\/index.php\/la-publicite\/","title":{"rendered":"Publicit\u00e9"},"content":{"rendered":"\t\t<div data-elementor-type=\"wp-page\" data-elementor-id=\"2472\" class=\"elementor elementor-2472\" data-elementor-post-type=\"page\">\n\t\t\t\t\t\t<section class=\"elementor-section elementor-top-section elementor-element elementor-element-d754ef9 elementor-section-boxed elementor-section-height-default elementor-section-height-default\" data-id=\"d754ef9\" data-element_type=\"section\" data-settings=\"{&quot;background_background&quot;:&quot;classic&quot;}\">\n\t\t\t\t\t\t<div class=\"elementor-container elementor-column-gap-no\">\n\t\t\t\t\t<div class=\"elementor-column elementor-col-100 elementor-top-column elementor-element elementor-element-eb79f43\" data-id=\"eb79f43\" data-element_type=\"column\">\n\t\t\t<div class=\"elementor-widget-wrap elementor-element-populated\">\n\t\t\t\t\t\t<div class=\"elementor-element elementor-element-ce310d6 elementor-vertical-align-middle elementor-position-left elementor-widget elementor-widget-image-box\" data-id=\"ce310d6\" data-element_type=\"widget\" data-widget_type=\"image-box.default\">\n\t\t\t\t<div class=\"elementor-widget-container\">\n\t\t\t\t\t<div class=\"elementor-image-box-wrapper\"><figure class=\"elementor-image-box-img\"><img decoding=\"async\" width=\"211\" height=\"180\" src=\"https:\/\/vtc-inclusif.fr\/wp-content\/uploads\/2025\/04\/pub.jpeg\" class=\"attachment-full size-full wp-image-2483\" alt=\"\" \/><\/figure><div class=\"elementor-image-box-content\"><h3 class=\"elementor-image-box-title\">Publicit\u00e9<\/h3><p class=\"elementor-image-box-description\">un vtc pas comme les autres<\/p><\/div><\/div>\t\t\t\t<\/div>\n\t\t\t\t<\/div>\n\t\t\t\t<div class=\"elementor-element elementor-element-9f55137 elementor-widget-divider--view-line elementor-widget elementor-widget-divider\" data-id=\"9f55137\" data-element_type=\"widget\" data-widget_type=\"divider.default\">\n\t\t\t\t<div class=\"elementor-widget-container\">\n\t\t\t\t\t\t\t<div class=\"elementor-divider\">\n\t\t\t<span class=\"elementor-divider-separator\">\n\t\t\t\t\t\t<\/span>\n\t\t<\/div>\n\t\t\t\t\t\t<\/div>\n\t\t\t\t<\/div>\n\t\t\t\t\t<\/div>\n\t\t<\/div>\n\t\t\t\t\t<\/div>\n\t\t<\/section>\n\t\t\t\t<section class=\"elementor-section elementor-top-section elementor-element elementor-element-710267f elementor-section-content-middle elementor-section-boxed elementor-section-height-default elementor-section-height-default\" data-id=\"710267f\" data-element_type=\"section\">\n\t\t\t\t\t\t<div class=\"elementor-container elementor-column-gap-default\">\n\t\t\t\t\t<div class=\"elementor-column elementor-col-100 elementor-top-column elementor-element elementor-element-0c663d2\" data-id=\"0c663d2\" data-element_type=\"column\">\n\t\t\t<div class=\"elementor-widget-wrap elementor-element-populated\">\n\t\t\t\t\t\t<div class=\"elementor-element elementor-element-e1480b3 elementor-widget__width-initial elementor-widget elementor-widget-heading\" data-id=\"e1480b3\" data-element_type=\"widget\" data-widget_type=\"heading.default\">\n\t\t\t\t<div class=\"elementor-widget-container\">\n\t\t\t\t\t<h1 class=\"elementor-heading-title elementor-size-default\">Faites votre publicit\u00e9 <\/h1>\t\t\t\t<\/div>\n\t\t\t\t<\/div>\n\t\t\t\t<div class=\"elementor-element elementor-element-d2fa847 elementor-widget elementor-widget-heading\" data-id=\"d2fa847\" data-element_type=\"widget\" data-widget_type=\"heading.default\">\n\t\t\t\t<div class=\"elementor-widget-container\">\n\t\t\t\t\t<p class=\"elementor-heading-title elementor-size-default\">D\u00e9couvrez les meilleures pratiques pour optimisez votre travail. Assurez un service de qualit\u00e9 \u00e0 vos clients.<\/p>\t\t\t\t<\/div>\n\t\t\t\t<\/div>\n\t\t\t\t\t<\/div>\n\t\t<\/div>\n\t\t\t\t\t<\/div>\n\t\t<\/section>\n\t\t\t\t<section class=\"elementor-section elementor-top-section elementor-element elementor-element-48ffc8b elementor-section-content-middle elementor-section-boxed elementor-section-height-default elementor-section-height-default\" data-id=\"48ffc8b\" data-element_type=\"section\">\n\t\t\t\t\t\t<div class=\"elementor-container elementor-column-gap-no\">\n\t\t\t\t\t<div class=\"elementor-column elementor-col-50 elementor-top-column elementor-element elementor-element-4cb2447\" data-id=\"4cb2447\" data-element_type=\"column\">\n\t\t\t<div class=\"elementor-widget-wrap elementor-element-populated\">\n\t\t\t\t\t\t<div class=\"elementor-element elementor-element-bd45e17 elementor-widget elementor-widget-heading\" data-id=\"bd45e17\" data-element_type=\"widget\" data-widget_type=\"heading.default\">\n\t\t\t\t<div class=\"elementor-widget-container\">\n\t\t\t\t\t<h1 class=\"elementor-heading-title elementor-size-default\">D\u00e9marquez-vous<\/h1>\t\t\t\t<\/div>\n\t\t\t\t<\/div>\n\t\t\t\t<div class=\"elementor-element elementor-element-d077264 elementor-widget elementor-widget-image\" data-id=\"d077264\" data-element_type=\"widget\" data-widget_type=\"image.default\">\n\t\t\t\t<div class=\"elementor-widget-container\">\n\t\t\t\t\t\t\t\t\t\t\t\t\t\t\t<img fetchpriority=\"high\" decoding=\"async\" width=\"300\" height=\"200\" src=\"https:\/\/vtc-inclusif.fr\/wp-content\/uploads\/2026\/01\/Creation-de-flyer-professionnel-pour-VTC-Inclusif-300x200.avif\" class=\"elementor-animation-grow attachment-medium size-medium wp-image-4607\" alt=\"Illustration de la cr\u00e9ation d\u2019un flyer professionnel pour VTC Inclusif, avec ordinateur portable, supports imprim\u00e9s, outils graphiques et \u00e9l\u00e9ments de mise en page.\" srcset=\"https:\/\/vtc-inclusif.fr\/wp-content\/uploads\/2026\/01\/Creation-de-flyer-professionnel-pour-VTC-Inclusif-300x200.avif 300w, https:\/\/vtc-inclusif.fr\/wp-content\/uploads\/2026\/01\/Creation-de-flyer-professionnel-pour-VTC-Inclusif-1024x683.avif 1024w, https:\/\/vtc-inclusif.fr\/wp-content\/uploads\/2026\/01\/Creation-de-flyer-professionnel-pour-VTC-Inclusif-768x512.avif 768w, https:\/\/vtc-inclusif.fr\/wp-content\/uploads\/2026\/01\/Creation-de-flyer-professionnel-pour-VTC-Inclusif-600x400.avif 600w, https:\/\/vtc-inclusif.fr\/wp-content\/uploads\/2026\/01\/Creation-de-flyer-professionnel-pour-VTC-Inclusif.avif 1536w\" sizes=\"(max-width: 300px) 100vw, 300px\" \/>\t\t\t\t\t\t\t\t\t\t\t\t\t\t\t<\/div>\n\t\t\t\t<\/div>\n\t\t\t\t\t<\/div>\n\t\t<\/div>\n\t\t\t\t<div class=\"elementor-column elementor-col-50 elementor-top-column elementor-element elementor-element-47b0e65\" data-id=\"47b0e65\" data-element_type=\"column\">\n\t\t\t<div class=\"elementor-widget-wrap elementor-element-populated\">\n\t\t\t\t\t\t<div class=\"elementor-element elementor-element-add6027 elementor-widget elementor-widget-image\" data-id=\"add6027\" data-element_type=\"widget\" data-widget_type=\"image.default\">\n\t\t\t\t<div class=\"elementor-widget-container\">\n\t\t\t\t\t\t\t\t\t\t\t\t\t\t\t<img decoding=\"async\" width=\"300\" height=\"200\" src=\"https:\/\/vtc-inclusif.fr\/wp-content\/uploads\/2026\/01\/Creation-de-site-internet-professionnel-pour-VTC-Inclusif-300x200.avif\" class=\"elementor-animation-grow attachment-medium size-medium wp-image-4599\" alt=\"Illustration de la cr\u00e9ation d\u2019un site internet pour VTC Inclusif, avec \u00e9cran d\u2019ordinateur affichant des pages web, symboles digitaux et outils num\u00e9riques.\" srcset=\"https:\/\/vtc-inclusif.fr\/wp-content\/uploads\/2026\/01\/Creation-de-site-internet-professionnel-pour-VTC-Inclusif-300x200.avif 300w, https:\/\/vtc-inclusif.fr\/wp-content\/uploads\/2026\/01\/Creation-de-site-internet-professionnel-pour-VTC-Inclusif-1024x683.avif 1024w, https:\/\/vtc-inclusif.fr\/wp-content\/uploads\/2026\/01\/Creation-de-site-internet-professionnel-pour-VTC-Inclusif-768x512.avif 768w, https:\/\/vtc-inclusif.fr\/wp-content\/uploads\/2026\/01\/Creation-de-site-internet-professionnel-pour-VTC-Inclusif-600x400.avif 600w, https:\/\/vtc-inclusif.fr\/wp-content\/uploads\/2026\/01\/Creation-de-site-internet-professionnel-pour-VTC-Inclusif.avif 1536w\" sizes=\"(max-width: 300px) 100vw, 300px\" \/>\t\t\t\t\t\t\t\t\t\t\t\t\t\t\t<\/div>\n\t\t\t\t<\/div>\n\t\t\t\t<div class=\"elementor-element elementor-element-5e52016 elementor-widget elementor-widget-text-editor\" data-id=\"5e52016\" data-element_type=\"widget\" data-widget_type=\"text-editor.default\">\n\t\t\t\t<div class=\"elementor-widget-container\">\n\t\t\t\t\t\t\t\t\t<p><span style=\"color: #000000;\">Profitez de nos offres avec des design \u00e0 votre image<\/span><\/p>\n<ul>\n<li><span style=\"color: #000000;\">Cr\u00e9ation de site internet&nbsp;<\/span><span style=\"color: rgb(0, 0, 0);\">professionnel<\/span><\/li>\n<li><span style=\"color: #000000;\">Cr\u00e9ation&nbsp;de flyer professionnel<\/span><\/li>\n<li><span style=\"color: #000000;\">Conception de carte de visite&nbsp;&nbsp;<\/span><\/li>\n<\/ul>\t\t\t\t\t\t\t\t<\/div>\n\t\t\t\t<\/div>\n\t\t\t\t\t<\/div>\n\t\t<\/div>\n\t\t\t\t\t<\/div>\n\t\t<\/section>\n\t\t\t\t<section class=\"elementor-section elementor-top-section elementor-element elementor-element-ae26970 elementor-section-boxed elementor-section-height-default elementor-section-height-default\" data-id=\"ae26970\" data-element_type=\"section\">\n\t\t\t\t\t\t<div class=\"elementor-container elementor-column-gap-default\">\n\t\t\t\t\t<div class=\"elementor-column elementor-col-100 elementor-top-column elementor-element elementor-element-a3dbacf\" data-id=\"a3dbacf\" data-element_type=\"column\">\n\t\t\t<div class=\"elementor-widget-wrap elementor-element-populated\">\n\t\t\t\t\t\t<div class=\"elementor-element elementor-element-fb468de elementor-button-info elementor-align-center elementor-widget__width-inherit elementor-widget elementor-widget-button\" data-id=\"fb468de\" data-element_type=\"widget\" data-settings=\"{&quot;_animation&quot;:&quot;none&quot;}\" data-widget_type=\"button.default\">\n\t\t\t\t<div class=\"elementor-widget-container\">\n\t\t\t\t\t\t\t\t\t<div class=\"elementor-button-wrapper\">\n\t\t\t\t\t<a class=\"elementor-button elementor-button-link elementor-size-sm\" href=\"tel:%20+33%206%2066%2042%2030%2058\">\n\t\t\t\t\t\t<span class=\"elementor-button-content-wrapper\">\n\t\t\t\t\t\t\t\t\t<span class=\"elementor-button-text\">Demande de renseignement<\/span>\n\t\t\t\t\t<\/span>\n\t\t\t\t\t<\/a>\n\t\t\t\t<\/div>\n\t\t\t\t\t\t\t\t<\/div>\n\t\t\t\t<\/div>\n\t\t\t\t\t<\/div>\n\t\t<\/div>\n\t\t\t\t\t<\/div>\n\t\t<\/section>\n\t\t\t\t<\/div>\n\t\t","protected":false},"excerpt":{"rendered":"<p>Publicit\u00e9 un vtc pas comme les autres Faites votre publicit\u00e9 D\u00e9couvrez les meilleures pratiques pour optimisez votre travail. Assurez un service de qualit\u00e9 \u00e0 vos clients. D\u00e9marquez-vous Profitez de nos offres avec des design \u00e0 votre image Cr\u00e9ation de site internet&nbsp;professionnel Cr\u00e9ation&nbsp;de flyer professionnel Conception de carte de visite&nbsp;&nbsp; Demande de renseignement<\/p>\n","protected":false},"author":2,"featured_media":0,"parent":0,"menu_order":0,"comment_status":"closed","ping_status":"closed","template":"","meta":{"_acf_changed":false,"om_disable_all_campaigns":false,"_monsterinsights_skip_tracking":false,"_monsterinsights_sitenote_active":false,"_monsterinsights_sitenote_note":"","_monsterinsights_sitenote_category":0,"_uf_show_specific_survey":0,"_uf_disable_surveys":false,"footnotes":""},"class_list":["post-2472","page","type-page","status-publish","hentry"],"acf":[],"yoast_head":"<!-- This site is optimized with the Yoast SEO plugin v26.7 - https:\/\/yoast.com\/wordpress\/plugins\/seo\/ -->\n<title>Publicit\u00e9 - VTC-Inclusif<\/title>\n<meta name=\"robots\" content=\"index, follow, max-snippet:-1, max-image-preview:large, max-video-preview:-1\" \/>\n<link rel=\"canonical\" href=\"https:\/\/vtc-inclusif.fr\/index.php\/la-publicite\/\" \/>\n<meta property=\"og:locale\" content=\"fr_FR\" \/>\n<meta property=\"og:type\" content=\"article\" \/>\n<meta property=\"og:title\" content=\"Publicit\u00e9 - VTC-Inclusif\" \/>\n<meta property=\"og:description\" content=\"Publicit\u00e9 un vtc pas comme les autres Faites votre publicit\u00e9 D\u00e9couvrez les meilleures pratiques pour optimisez votre travail. Assurez un service de qualit\u00e9 \u00e0 vos clients. D\u00e9marquez-vous Profitez de nos offres avec des design \u00e0 votre image Cr\u00e9ation de site internet&nbsp;professionnel Cr\u00e9ation&nbsp;de flyer professionnel Conception de carte de visite&nbsp;&nbsp; Demande de renseignement\" \/>\n<meta property=\"og:url\" content=\"https:\/\/vtc-inclusif.fr\/index.php\/la-publicite\/\" \/>\n<meta property=\"og:site_name\" content=\"VTC-Inclusif\" \/>\n<meta property=\"article:modified_time\" content=\"2026-01-26T19:39:52+00:00\" \/>\n<meta property=\"og:image\" content=\"https:\/\/vtc-inclusif.fr\/wp-content\/uploads\/2025\/04\/pub.jpeg\" \/>\n\t<meta property=\"og:image:width\" content=\"211\" \/>\n\t<meta property=\"og:image:height\" content=\"180\" \/>\n\t<meta property=\"og:image:type\" content=\"image\/jpeg\" \/>\n<meta name=\"twitter:card\" content=\"summary_large_image\" \/>\n<meta name=\"twitter:label1\" content=\"Dur\u00e9e de lecture estim\u00e9e\" \/>\n\t<meta name=\"twitter:data1\" content=\"1 minute\" \/>\n<script type=\"application\/ld+json\" class=\"yoast-schema-graph\">{\"@context\":\"https:\/\/schema.org\",\"@graph\":[{\"@type\":\"WebPage\",\"@id\":\"https:\/\/vtc-inclusif.fr\/index.php\/la-publicite\/\",\"url\":\"https:\/\/vtc-inclusif.fr\/index.php\/la-publicite\/\",\"name\":\"Publicit\u00e9 - VTC-Inclusif\",\"isPartOf\":{\"@id\":\"https:\/\/vtc-inclusif.fr\/#website\"},\"primaryImageOfPage\":{\"@id\":\"https:\/\/vtc-inclusif.fr\/index.php\/la-publicite\/#primaryimage\"},\"image\":{\"@id\":\"https:\/\/vtc-inclusif.fr\/index.php\/la-publicite\/#primaryimage\"},\"thumbnailUrl\":\"https:\/\/vtc-inclusif.fr\/wp-content\/uploads\/2025\/04\/pub.jpeg\",\"datePublished\":\"2025-04-24T14:49:46+00:00\",\"dateModified\":\"2026-01-26T19:39:52+00:00\",\"breadcrumb\":{\"@id\":\"https:\/\/vtc-inclusif.fr\/index.php\/la-publicite\/#breadcrumb\"},\"inLanguage\":\"fr-FR\",\"potentialAction\":[{\"@type\":\"ReadAction\",\"target\":[\"https:\/\/vtc-inclusif.fr\/index.php\/la-publicite\/\"]}]},{\"@type\":\"ImageObject\",\"inLanguage\":\"fr-FR\",\"@id\":\"https:\/\/vtc-inclusif.fr\/index.php\/la-publicite\/#primaryimage\",\"url\":\"https:\/\/vtc-inclusif.fr\/wp-content\/uploads\/2025\/04\/pub.jpeg\",\"contentUrl\":\"https:\/\/vtc-inclusif.fr\/wp-content\/uploads\/2025\/04\/pub.jpeg\",\"width\":211,\"height\":180},{\"@type\":\"BreadcrumbList\",\"@id\":\"https:\/\/vtc-inclusif.fr\/index.php\/la-publicite\/#breadcrumb\",\"itemListElement\":[{\"@type\":\"ListItem\",\"position\":1,\"name\":\"Accueil\",\"item\":\"https:\/\/vtc-inclusif.fr\/\"},{\"@type\":\"ListItem\",\"position\":2,\"name\":\"Publicit\u00e9\"}]},{\"@type\":\"WebSite\",\"@id\":\"https:\/\/vtc-inclusif.fr\/#website\",\"url\":\"https:\/\/vtc-inclusif.fr\/\",\"name\":\"VTC-Inclusif\",\"description\":\"Examen blanc vtc et Location de v\u00e9hicule double commande pour examen VTC pratique\",\"publisher\":{\"@id\":\"https:\/\/vtc-inclusif.fr\/#organization\"},\"potentialAction\":[{\"@type\":\"SearchAction\",\"target\":{\"@type\":\"EntryPoint\",\"urlTemplate\":\"https:\/\/vtc-inclusif.fr\/?s={search_term_string}\"},\"query-input\":{\"@type\":\"PropertyValueSpecification\",\"valueRequired\":true,\"valueName\":\"search_term_string\"}}],\"inLanguage\":\"fr-FR\"},{\"@type\":\"Organization\",\"@id\":\"https:\/\/vtc-inclusif.fr\/#organization\",\"name\":\"VTC-Inclusif\",\"url\":\"https:\/\/vtc-inclusif.fr\/\",\"logo\":{\"@type\":\"ImageObject\",\"inLanguage\":\"fr-FR\",\"@id\":\"https:\/\/vtc-inclusif.fr\/#\/schema\/logo\/image\/\",\"url\":\"https:\/\/vtc-inclusif.fr\/wp-content\/uploads\/2023\/07\/logo-site.png\",\"contentUrl\":\"https:\/\/vtc-inclusif.fr\/wp-content\/uploads\/2023\/07\/logo-site.png\",\"width\":350,\"height\":100,\"caption\":\"VTC-Inclusif\"},\"image\":{\"@id\":\"https:\/\/vtc-inclusif.fr\/#\/schema\/logo\/image\/\"}}]}<\/script>\n<!-- \/ Yoast SEO plugin. -->","yoast_head_json":{"title":"Publicit\u00e9 - VTC-Inclusif","robots":{"index":"index","follow":"follow","max-snippet":"max-snippet:-1","max-image-preview":"max-image-preview:large","max-video-preview":"max-video-preview:-1"},"canonical":"https:\/\/vtc-inclusif.fr\/index.php\/la-publicite\/","og_locale":"fr_FR","og_type":"article","og_title":"Publicit\u00e9 - VTC-Inclusif","og_description":"Publicit\u00e9 un vtc pas comme les autres Faites votre publicit\u00e9 D\u00e9couvrez les meilleures pratiques pour optimisez votre travail. Assurez un service de qualit\u00e9 \u00e0 vos clients. D\u00e9marquez-vous Profitez de nos offres avec des design \u00e0 votre image Cr\u00e9ation de site internet&nbsp;professionnel Cr\u00e9ation&nbsp;de flyer professionnel Conception de carte de visite&nbsp;&nbsp; Demande de renseignement","og_url":"https:\/\/vtc-inclusif.fr\/index.php\/la-publicite\/","og_site_name":"VTC-Inclusif","article_modified_time":"2026-01-26T19:39:52+00:00","og_image":[{"width":211,"height":180,"url":"https:\/\/vtc-inclusif.fr\/wp-content\/uploads\/2025\/04\/pub.jpeg","type":"image\/jpeg"}],"twitter_card":"summary_large_image","twitter_misc":{"Dur\u00e9e de lecture estim\u00e9e":"1 minute"},"schema":{"@context":"https:\/\/schema.org","@graph":[{"@type":"WebPage","@id":"https:\/\/vtc-inclusif.fr\/index.php\/la-publicite\/","url":"https:\/\/vtc-inclusif.fr\/index.php\/la-publicite\/","name":"Publicit\u00e9 - VTC-Inclusif","isPartOf":{"@id":"https:\/\/vtc-inclusif.fr\/#website"},"primaryImageOfPage":{"@id":"https:\/\/vtc-inclusif.fr\/index.php\/la-publicite\/#primaryimage"},"image":{"@id":"https:\/\/vtc-inclusif.fr\/index.php\/la-publicite\/#primaryimage"},"thumbnailUrl":"https:\/\/vtc-inclusif.fr\/wp-content\/uploads\/2025\/04\/pub.jpeg","datePublished":"2025-04-24T14:49:46+00:00","dateModified":"2026-01-26T19:39:52+00:00","breadcrumb":{"@id":"https:\/\/vtc-inclusif.fr\/index.php\/la-publicite\/#breadcrumb"},"inLanguage":"fr-FR","potentialAction":[{"@type":"ReadAction","target":["https:\/\/vtc-inclusif.fr\/index.php\/la-publicite\/"]}]},{"@type":"ImageObject","inLanguage":"fr-FR","@id":"https:\/\/vtc-inclusif.fr\/index.php\/la-publicite\/#primaryimage","url":"https:\/\/vtc-inclusif.fr\/wp-content\/uploads\/2025\/04\/pub.jpeg","contentUrl":"https:\/\/vtc-inclusif.fr\/wp-content\/uploads\/2025\/04\/pub.jpeg","width":211,"height":180},{"@type":"BreadcrumbList","@id":"https:\/\/vtc-inclusif.fr\/index.php\/la-publicite\/#breadcrumb","itemListElement":[{"@type":"ListItem","position":1,"name":"Accueil","item":"https:\/\/vtc-inclusif.fr\/"},{"@type":"ListItem","position":2,"name":"Publicit\u00e9"}]},{"@type":"WebSite","@id":"https:\/\/vtc-inclusif.fr\/#website","url":"https:\/\/vtc-inclusif.fr\/","name":"VTC-Inclusif","description":"Examen blanc vtc et Location de v\u00e9hicule double commande pour examen VTC pratique","publisher":{"@id":"https:\/\/vtc-inclusif.fr\/#organization"},"potentialAction":[{"@type":"SearchAction","target":{"@type":"EntryPoint","urlTemplate":"https:\/\/vtc-inclusif.fr\/?s={search_term_string}"},"query-input":{"@type":"PropertyValueSpecification","valueRequired":true,"valueName":"search_term_string"}}],"inLanguage":"fr-FR"},{"@type":"Organization","@id":"https:\/\/vtc-inclusif.fr\/#organization","name":"VTC-Inclusif","url":"https:\/\/vtc-inclusif.fr\/","logo":{"@type":"ImageObject","inLanguage":"fr-FR","@id":"https:\/\/vtc-inclusif.fr\/#\/schema\/logo\/image\/","url":"https:\/\/vtc-inclusif.fr\/wp-content\/uploads\/2023\/07\/logo-site.png","contentUrl":"https:\/\/vtc-inclusif.fr\/wp-content\/uploads\/2023\/07\/logo-site.png","width":350,"height":100,"caption":"VTC-Inclusif"},"image":{"@id":"https:\/\/vtc-inclusif.fr\/#\/schema\/logo\/image\/"}}]}},"_links":{"self":[{"href":"https:\/\/vtc-inclusif.fr\/index.php\/wp-json\/wp\/v2\/pages\/2472","targetHints":{"allow":["GET"]}}],"collection":[{"href":"https:\/\/vtc-inclusif.fr\/index.php\/wp-json\/wp\/v2\/pages"}],"about":[{"href":"https:\/\/vtc-inclusif.fr\/index.php\/wp-json\/wp\/v2\/types\/page"}],"author":[{"embeddable":true,"href":"https:\/\/vtc-inclusif.fr\/index.php\/wp-json\/wp\/v2\/users\/2"}],"replies":[{"embeddable":true,"href":"https:\/\/vtc-inclusif.fr\/index.php\/wp-json\/wp\/v2\/comments?post=2472"}],"version-history":[{"count":33,"href":"https:\/\/vtc-inclusif.fr\/index.php\/wp-json\/wp\/v2\/pages\/2472\/revisions"}],"predecessor-version":[{"id":4617,"href":"https:\/\/vtc-inclusif.fr\/index.php\/wp-json\/wp\/v2\/pages\/2472\/revisions\/4617"}],"wp:attachment":[{"href":"https:\/\/vtc-inclusif.fr\/index.php\/wp-json\/wp\/v2\/media?parent=2472"}],"curies":[{"name":"wp","href":"https:\/\/api.w.org\/{rel}","templated":true}]}}