{"id":4836,"date":"2026-03-30T13:28:57","date_gmt":"2026-03-30T11:28:57","guid":{"rendered":"https:\/\/vtc-inclusif.fr\/?page_id=4836"},"modified":"2026-03-30T14:26:02","modified_gmt":"2026-03-30T12:26:02","slug":"guide-examen-vtc","status":"publish","type":"page","link":"https:\/\/vtc-inclusif.fr\/index.php\/guide-examen-vtc\/","title":{"rendered":"Guide Examen VTC"},"content":{"rendered":"\t\t<div data-elementor-type=\"wp-page\" data-elementor-id=\"4836\" class=\"elementor elementor-4836\" data-elementor-post-type=\"page\">\n\t\t\t\t\t\t<section class=\"elementor-section elementor-top-section elementor-element elementor-element-f403b3a elementor-section-boxed elementor-section-height-default elementor-section-height-default\" data-id=\"f403b3a\" data-element_type=\"section\">\n\t\t\t\t\t\t<div class=\"elementor-container elementor-column-gap-default\">\n\t\t\t\t\t<div class=\"elementor-column elementor-col-50 elementor-top-column elementor-element elementor-element-88d6723\" data-id=\"88d6723\" data-element_type=\"column\">\n\t\t\t<div class=\"elementor-widget-wrap elementor-element-populated\">\n\t\t\t\t\t\t<div class=\"elementor-element elementor-element-a99fef8 elementor-button-align-stretch elementor-widget elementor-widget-form\" data-id=\"a99fef8\" data-element_type=\"widget\" data-settings=\"{&quot;step_next_label&quot;:&quot;Suivant&quot;,&quot;step_previous_label&quot;:&quot;Pr\\u00e9c\\u00e9dent&quot;,&quot;button_width&quot;:&quot;100&quot;,&quot;step_type&quot;:&quot;number_text&quot;,&quot;step_icon_shape&quot;:&quot;circle&quot;}\" data-widget_type=\"form.default\">\n\t\t\t\t<div class=\"elementor-widget-container\">\n\t\t\t\t\t\t\t<form class=\"elementor-form\" method=\"post\" name=\"Demande de Guide R\u00e9ussite VTC\">\n\t\t\t<input type=\"hidden\" name=\"post_id\" value=\"4836\"\/>\n\t\t\t<input type=\"hidden\" name=\"form_id\" value=\"a99fef8\"\/>\n\t\t\t<input type=\"hidden\" name=\"referer_title\" value=\"Guide Examen VTC - VTC-Inclusif\" \/>\n\n\t\t\t\t\t\t\t<input type=\"hidden\" name=\"queried_id\" value=\"4836\"\/>\n\t\t\t\n\t\t\t<div class=\"elementor-form-fields-wrapper elementor-labels-above\">\n\t\t\t\t\t\t\t\t<div class=\"elementor-field-type-text elementor-field-group elementor-column elementor-field-group-name elementor-col-50 elementor-field-required\">\n\t\t\t\t\t\t\t\t\t\t\t\t<label for=\"form-field-name\" class=\"elementor-field-label\">\n\t\t\t\t\t\t\t\tPr\u00e9nom\t\t\t\t\t\t\t<\/label>\n\t\t\t\t\t\t\t\t\t\t\t\t\t\t<input size=\"1\" type=\"text\" name=\"form_fields[name]\" id=\"form-field-name\" class=\"elementor-field elementor-size-sm  elementor-field-textual\" required=\"required\">\n\t\t\t\t\t\t\t\t\t\t\t<\/div>\n\t\t\t\t\t\t\t\t<div class=\"elementor-field-type-text elementor-field-group elementor-column elementor-field-group-field_70c215a elementor-col-50 elementor-field-required\">\n\t\t\t\t\t\t\t\t\t\t\t\t<label for=\"form-field-field_70c215a\" class=\"elementor-field-label\">\n\t\t\t\t\t\t\t\tNom\t\t\t\t\t\t\t<\/label>\n\t\t\t\t\t\t\t\t\t\t\t\t\t\t<input size=\"1\" type=\"text\" name=\"form_fields[field_70c215a]\" id=\"form-field-field_70c215a\" class=\"elementor-field elementor-size-sm  elementor-field-textual\" required=\"required\">\n\t\t\t\t\t\t\t\t\t\t\t<\/div>\n\t\t\t\t\t\t\t\t<div class=\"elementor-field-type-tel elementor-field-group elementor-column elementor-field-group-field_3224989 elementor-col-50 elementor-field-required\">\n\t\t\t\t\t\t\t\t\t\t\t\t<label for=\"form-field-field_3224989\" class=\"elementor-field-label\">\n\t\t\t\t\t\t\t\tT\u00e9l\u00e9phone\t\t\t\t\t\t\t<\/label>\n\t\t\t\t\t\t\t\t<input size=\"1\" type=\"tel\" name=\"form_fields[field_3224989]\" id=\"form-field-field_3224989\" class=\"elementor-field elementor-size-sm  elementor-field-textual\" required=\"required\" pattern=\"[0-9()#&amp;+*-=.]+\" title=\"Seuls les caract\u00e8res de num\u00e9ros de t\u00e9l\u00e9phone (#, -, *, etc.) sont accept\u00e9s.\">\n\n\t\t\t\t\t\t<\/div>\n\t\t\t\t\t\t\t\t<div class=\"elementor-field-type-email elementor-field-group elementor-column elementor-field-group-field_f9f894a elementor-col-50 elementor-field-required\">\n\t\t\t\t\t\t\t\t\t\t\t\t<label for=\"form-field-field_f9f894a\" class=\"elementor-field-label\">\n\t\t\t\t\t\t\t\tE-mail\t\t\t\t\t\t\t<\/label>\n\t\t\t\t\t\t\t\t\t\t\t\t\t\t<input size=\"1\" type=\"email\" name=\"form_fields[field_f9f894a]\" id=\"form-field-field_f9f894a\" class=\"elementor-field elementor-size-sm  elementor-field-textual\" required=\"required\">\n\t\t\t\t\t\t\t\t\t\t\t<\/div>\n\t\t\t\t\t\t\t\t<div class=\"elementor-field-type-number elementor-field-group elementor-column elementor-field-group-field_1cc5d1d elementor-col-20 elementor-field-required\">\n\t\t\t\t\t\t\t\t\t\t\t\t<label for=\"form-field-field_1cc5d1d\" class=\"elementor-field-label\">\n\t\t\t\t\t\t\t\tD\u00e9partement\t\t\t\t\t\t\t<\/label>\n\t\t\t\t\t\t\t\t\t<input type=\"number\" name=\"form_fields[field_1cc5d1d]\" id=\"form-field-field_1cc5d1d\" class=\"elementor-field elementor-size-sm  elementor-field-textual\" required=\"required\" min=\"\" max=\"\" >\n\t\t\t\t\t\t<\/div>\n\t\t\t\t\t\t\t\t<div class=\"elementor-field-group elementor-column elementor-field-type-submit elementor-col-100 e-form__buttons\">\n\t\t\t\t\t<button class=\"elementor-button elementor-size-sm\" type=\"submit\">\n\t\t\t\t\t\t<span class=\"elementor-button-content-wrapper\">\n\t\t\t\t\t\t\t\t\t\t\t\t\t\t\t\t\t\t\t\t\t\t<span class=\"elementor-button-text\">Envoyer<\/span>\n\t\t\t\t\t\t\t\t\t\t\t\t\t<\/span>\n\t\t\t\t\t<\/button>\n\t\t\t\t<\/div>\n\t\t\t<\/div>\n\t\t<\/form>\n\t\t\t\t\t\t<\/div>\n\t\t\t\t<\/div>\n\t\t\t\t\t<\/div>\n\t\t<\/div>\n\t\t\t\t<div class=\"elementor-column elementor-col-50 elementor-top-column elementor-element elementor-element-eb15101\" data-id=\"eb15101\" data-element_type=\"column\">\n\t\t\t<div class=\"elementor-widget-wrap elementor-element-populated\">\n\t\t\t\t\t\t<section class=\"elementor-section elementor-inner-section elementor-element elementor-element-9aabc5f elementor-section-boxed elementor-section-height-default elementor-section-height-default\" data-id=\"9aabc5f\" data-element_type=\"section\">\n\t\t\t\t\t\t<div class=\"elementor-container elementor-column-gap-default\">\n\t\t\t\t\t<div class=\"elementor-column elementor-col-100 elementor-inner-column elementor-element elementor-element-a202317\" data-id=\"a202317\" data-element_type=\"column\">\n\t\t\t<div class=\"elementor-widget-wrap elementor-element-populated\">\n\t\t\t\t\t\t<div class=\"elementor-element elementor-element-4f3b2ef elementor-widget__width-initial elementor-widget elementor-widget-heading\" data-id=\"4f3b2ef\" data-element_type=\"widget\" data-widget_type=\"heading.default\">\n\t\t\t\t<div class=\"elementor-widget-container\">\n\t\t\t\t\t<h4 class=\"elementor-heading-title elementor-size-default\">VTC Inclusif, c'est aussi !<\/h4>\t\t\t\t<\/div>\n\t\t\t\t<\/div>\n\t\t\t\t<div class=\"elementor-element elementor-element-0f804de elementor-widget elementor-widget-spacer\" data-id=\"0f804de\" data-element_type=\"widget\" data-widget_type=\"spacer.default\">\n\t\t\t\t<div class=\"elementor-widget-container\">\n\t\t\t\t\t\t\t<div class=\"elementor-spacer\">\n\t\t\t<div class=\"elementor-spacer-inner\"><\/div>\n\t\t<\/div>\n\t\t\t\t\t\t<\/div>\n\t\t\t\t<\/div>\n\t\t\t\t<div class=\"elementor-element elementor-element-1987a7b elementor-position-inline-start elementor-mobile-position-inline-start elementor-view-default elementor-widget elementor-widget-icon-box\" data-id=\"1987a7b\" data-element_type=\"widget\" data-widget_type=\"icon-box.default\">\n\t\t\t\t<div class=\"elementor-widget-container\">\n\t\t\t\t\t\t\t<div class=\"elementor-icon-box-wrapper\">\n\n\t\t\t\t\t\t<div class=\"elementor-icon-box-icon\">\n\t\t\t\t<a href=\"https:\/\/vtc-inclusif.fr\/index.php\/formation-pratique-vtc\/\" class=\"elementor-icon elementor-animation-grow\" tabindex=\"-1\" aria-label=\"Formation examen pratique VTC \">\n\t\t\t\t<i aria-hidden=\"true\" class=\"fas fa-book-open\"><\/i>\t\t\t\t<\/a>\n\t\t\t<\/div>\n\t\t\t\n\t\t\t\t\t\t<div class=\"elementor-icon-box-content\">\n\n\t\t\t\t\t\t\t\t\t<h5 class=\"elementor-icon-box-title\">\n\t\t\t\t\t\t<a href=\"https:\/\/vtc-inclusif.fr\/index.php\/formation-pratique-vtc\/\" >\n\t\t\t\t\t\t\tFormation examen pratique VTC \t\t\t\t\t\t<\/a>\n\t\t\t\t\t<\/h5>\n\t\t\t\t\n\t\t\t\t\n\t\t\t<\/div>\n\t\t\t\n\t\t<\/div>\n\t\t\t\t\t\t<\/div>\n\t\t\t\t<\/div>\n\t\t\t\t<div class=\"elementor-element elementor-element-4533d65 elementor-position-inline-start elementor-mobile-position-inline-start elementor-view-default elementor-widget elementor-widget-icon-box\" data-id=\"4533d65\" data-element_type=\"widget\" data-widget_type=\"icon-box.default\">\n\t\t\t\t<div class=\"elementor-widget-container\">\n\t\t\t\t\t\t\t<div class=\"elementor-icon-box-wrapper\">\n\n\t\t\t\t\t\t<div class=\"elementor-icon-box-icon\">\n\t\t\t\t<a href=\"https:\/\/vtc-inclusif.fr\/index.php\/locations-vehicules\/\" class=\"elementor-icon elementor-animation-grow\" tabindex=\"-1\" aria-label=\"Location de v\u00e9hicule examen VTC\">\n\t\t\t\t<i aria-hidden=\"true\" class=\"fas fa-taxi\"><\/i>\t\t\t\t<\/a>\n\t\t\t<\/div>\n\t\t\t\n\t\t\t\t\t\t<div class=\"elementor-icon-box-content\">\n\n\t\t\t\t\t\t\t\t\t<h5 class=\"elementor-icon-box-title\">\n\t\t\t\t\t\t<a href=\"https:\/\/vtc-inclusif.fr\/index.php\/locations-vehicules\/\" >\n\t\t\t\t\t\t\tLocation de v\u00e9hicule examen VTC\t\t\t\t\t\t<\/a>\n\t\t\t\t\t<\/h5>\n\t\t\t\t\n\t\t\t\t\n\t\t\t<\/div>\n\t\t\t\n\t\t<\/div>\n\t\t\t\t\t\t<\/div>\n\t\t\t\t<\/div>\n\t\t\t\t<div class=\"elementor-element elementor-element-b4c4c37 elementor-position-inline-start elementor-mobile-position-inline-start elementor-view-default elementor-widget elementor-widget-icon-box\" data-id=\"b4c4c37\" data-element_type=\"widget\" data-widget_type=\"icon-box.default\">\n\t\t\t\t<div class=\"elementor-widget-container\">\n\t\t\t\t\t\t\t<div class=\"elementor-icon-box-wrapper\">\n\n\t\t\t\t\t\t<div class=\"elementor-icon-box-icon\">\n\t\t\t\t<a href=\"https:\/\/vtc-inclusif.fr\/index.php\/locations-vehicules\/\" class=\"elementor-icon elementor-animation-grow\" tabindex=\"-1\" aria-label=\"Location de v\u00e9hicule VTC\">\n\t\t\t\t<i aria-hidden=\"true\" class=\"fas fa-taxi\"><\/i>\t\t\t\t<\/a>\n\t\t\t<\/div>\n\t\t\t\n\t\t\t\t\t\t<div class=\"elementor-icon-box-content\">\n\n\t\t\t\t\t\t\t\t\t<h5 class=\"elementor-icon-box-title\">\n\t\t\t\t\t\t<a href=\"https:\/\/vtc-inclusif.fr\/index.php\/locations-vehicules\/\" >\n\t\t\t\t\t\t\tLocation de v\u00e9hicule VTC\t\t\t\t\t\t<\/a>\n\t\t\t\t\t<\/h5>\n\t\t\t\t\n\t\t\t\t\n\t\t\t<\/div>\n\t\t\t\n\t\t<\/div>\n\t\t\t\t\t\t<\/div>\n\t\t\t\t<\/div>\n\t\t\t\t\t<\/div>\n\t\t<\/div>\n\t\t\t\t\t<\/div>\n\t\t<\/section>\n\t\t\t\t<div class=\"elementor-element elementor-element-0598443 elementor-widget elementor-widget-image\" data-id=\"0598443\" data-element_type=\"widget\" data-widget_type=\"image.default\">\n\t\t\t\t<div class=\"elementor-widget-container\">\n\t\t\t\t\t\t\t\t\t\t\t\t\t\t\t<img decoding=\"async\" width=\"75\" height=\"70\" src=\"https:\/\/vtc-inclusif.fr\/wp-content\/uploads\/2023\/08\/Logo-protoytpe-mini-X.png\" class=\"attachment-medium size-medium wp-image-280\" alt=\"\" \/>\t\t\t\t\t\t\t\t\t\t\t\t\t\t\t<\/div>\n\t\t\t\t<\/div>\n\t\t\t\t<div class=\"elementor-element elementor-element-29a98f9 elementor-widget elementor-widget-text-editor\" data-id=\"29a98f9\" data-element_type=\"widget\" data-widget_type=\"text-editor.default\">\n\t\t\t\t<div class=\"elementor-widget-container\">\n\t\t\t\t\t\t\t\t\t<h6 style=\"text-align: center;\"><a href=\"tel: +33 6 66 42 30 58\"><span style=\"color: #003366;\">+33 6 66 42 30 58<\/span><\/a><\/h6><h6 style=\"text-align: center;\"><a href=\"contact@vtc-inclusif.fr\"><span style=\"color: #003366;\">contact@vtc-inclusif.fr<\/span><\/a><\/h6>\t\t\t\t\t\t\t\t<\/div>\n\t\t\t\t<\/div>\n\t\t\t\t\t<\/div>\n\t\t<\/div>\n\t\t\t\t\t<\/div>\n\t\t<\/section>\n\t\t\t\t<\/div>\n\t\t","protected":false},"excerpt":{"rendered":"<p>VTC Inclusif, c&rsquo;est aussi ! Formation examen pratique VTC Location de v\u00e9hicule examen VTC Location de v\u00e9hicule VTC +33 6 66 42 30 58 contact@vtc-inclusif.fr<\/p>\n","protected":false},"author":1,"featured_media":0,"parent":0,"menu_order":0,"comment_status":"closed","ping_status":"closed","template":"","meta":{"_acf_changed":false,"om_disable_all_campaigns":false,"_monsterinsights_skip_tracking":false,"_monsterinsights_sitenote_active":false,"_monsterinsights_sitenote_note":"","_monsterinsights_sitenote_category":0,"_uf_show_specific_survey":0,"_uf_disable_surveys":false,"footnotes":""},"class_list":["post-4836","page","type-page","status-publish","hentry"],"acf":[],"yoast_head":"<!-- This site is optimized with the Yoast SEO plugin v26.7 - https:\/\/yoast.com\/wordpress\/plugins\/seo\/ -->\n<title>Guide Examen VTC - VTC-Inclusif<\/title>\n<meta name=\"robots\" content=\"index, follow, max-snippet:-1, max-image-preview:large, max-video-preview:-1\" \/>\n<link rel=\"canonical\" href=\"https:\/\/vtc-inclusif.fr\/index.php\/guide-examen-vtc\/\" \/>\n<meta property=\"og:locale\" content=\"fr_FR\" \/>\n<meta property=\"og:type\" content=\"article\" \/>\n<meta property=\"og:title\" content=\"Guide Examen VTC - VTC-Inclusif\" \/>\n<meta property=\"og:description\" content=\"VTC Inclusif, c&rsquo;est aussi ! Formation examen pratique VTC Location de v\u00e9hicule examen VTC Location de v\u00e9hicule VTC +33 6 66 42 30 58 contact@vtc-inclusif.fr\" \/>\n<meta property=\"og:url\" content=\"https:\/\/vtc-inclusif.fr\/index.php\/guide-examen-vtc\/\" \/>\n<meta property=\"og:site_name\" content=\"VTC-Inclusif\" \/>\n<meta property=\"article:modified_time\" content=\"2026-03-30T12:26:02+00:00\" \/>\n<meta property=\"og:image\" content=\"https:\/\/vtc-inclusif.fr\/wp-content\/uploads\/2023\/08\/Logo-protoytpe-mini-X.png\" \/>\n\t<meta property=\"og:image:width\" content=\"75\" \/>\n\t<meta property=\"og:image:height\" content=\"70\" \/>\n\t<meta property=\"og:image:type\" content=\"image\/png\" \/>\n<meta name=\"twitter:card\" content=\"summary_large_image\" \/>\n<meta name=\"twitter:label1\" content=\"Dur\u00e9e de lecture estim\u00e9e\" \/>\n\t<meta name=\"twitter:data1\" content=\"1 minute\" \/>\n<script type=\"application\/ld+json\" class=\"yoast-schema-graph\">{\"@context\":\"https:\/\/schema.org\",\"@graph\":[{\"@type\":\"WebPage\",\"@id\":\"https:\/\/vtc-inclusif.fr\/index.php\/guide-examen-vtc\/\",\"url\":\"https:\/\/vtc-inclusif.fr\/index.php\/guide-examen-vtc\/\",\"name\":\"Guide Examen VTC - VTC-Inclusif\",\"isPartOf\":{\"@id\":\"https:\/\/vtc-inclusif.fr\/#website\"},\"primaryImageOfPage\":{\"@id\":\"https:\/\/vtc-inclusif.fr\/index.php\/guide-examen-vtc\/#primaryimage\"},\"image\":{\"@id\":\"https:\/\/vtc-inclusif.fr\/index.php\/guide-examen-vtc\/#primaryimage\"},\"thumbnailUrl\":\"https:\/\/vtc-inclusif.fr\/wp-content\/uploads\/2023\/08\/Logo-protoytpe-mini-X.png\",\"datePublished\":\"2026-03-30T11:28:57+00:00\",\"dateModified\":\"2026-03-30T12:26:02+00:00\",\"breadcrumb\":{\"@id\":\"https:\/\/vtc-inclusif.fr\/index.php\/guide-examen-vtc\/#breadcrumb\"},\"inLanguage\":\"fr-FR\",\"potentialAction\":[{\"@type\":\"ReadAction\",\"target\":[\"https:\/\/vtc-inclusif.fr\/index.php\/guide-examen-vtc\/\"]}]},{\"@type\":\"ImageObject\",\"inLanguage\":\"fr-FR\",\"@id\":\"https:\/\/vtc-inclusif.fr\/index.php\/guide-examen-vtc\/#primaryimage\",\"url\":\"https:\/\/vtc-inclusif.fr\/wp-content\/uploads\/2023\/08\/Logo-protoytpe-mini-X.png\",\"contentUrl\":\"https:\/\/vtc-inclusif.fr\/wp-content\/uploads\/2023\/08\/Logo-protoytpe-mini-X.png\",\"width\":75,\"height\":70},{\"@type\":\"BreadcrumbList\",\"@id\":\"https:\/\/vtc-inclusif.fr\/index.php\/guide-examen-vtc\/#breadcrumb\",\"itemListElement\":[{\"@type\":\"ListItem\",\"position\":1,\"name\":\"Accueil\",\"item\":\"https:\/\/vtc-inclusif.fr\/\"},{\"@type\":\"ListItem\",\"position\":2,\"name\":\"Guide Examen VTC\"}]},{\"@type\":\"WebSite\",\"@id\":\"https:\/\/vtc-inclusif.fr\/#website\",\"url\":\"https:\/\/vtc-inclusif.fr\/\",\"name\":\"VTC-Inclusif\",\"description\":\"Examen blanc vtc et Location de v\u00e9hicule double commande pour examen VTC pratique\",\"publisher\":{\"@id\":\"https:\/\/vtc-inclusif.fr\/#organization\"},\"potentialAction\":[{\"@type\":\"SearchAction\",\"target\":{\"@type\":\"EntryPoint\",\"urlTemplate\":\"https:\/\/vtc-inclusif.fr\/?s={search_term_string}\"},\"query-input\":{\"@type\":\"PropertyValueSpecification\",\"valueRequired\":true,\"valueName\":\"search_term_string\"}}],\"inLanguage\":\"fr-FR\"},{\"@type\":\"Organization\",\"@id\":\"https:\/\/vtc-inclusif.fr\/#organization\",\"name\":\"VTC-Inclusif\",\"url\":\"https:\/\/vtc-inclusif.fr\/\",\"logo\":{\"@type\":\"ImageObject\",\"inLanguage\":\"fr-FR\",\"@id\":\"https:\/\/vtc-inclusif.fr\/#\/schema\/logo\/image\/\",\"url\":\"https:\/\/vtc-inclusif.fr\/wp-content\/uploads\/2023\/07\/logo-site.png\",\"contentUrl\":\"https:\/\/vtc-inclusif.fr\/wp-content\/uploads\/2023\/07\/logo-site.png\",\"width\":350,\"height\":100,\"caption\":\"VTC-Inclusif\"},\"image\":{\"@id\":\"https:\/\/vtc-inclusif.fr\/#\/schema\/logo\/image\/\"}}]}<\/script>\n<!-- \/ Yoast SEO plugin. -->","yoast_head_json":{"title":"Guide Examen VTC - VTC-Inclusif","robots":{"index":"index","follow":"follow","max-snippet":"max-snippet:-1","max-image-preview":"max-image-preview:large","max-video-preview":"max-video-preview:-1"},"canonical":"https:\/\/vtc-inclusif.fr\/index.php\/guide-examen-vtc\/","og_locale":"fr_FR","og_type":"article","og_title":"Guide Examen VTC - VTC-Inclusif","og_description":"VTC Inclusif, c&rsquo;est aussi ! Formation examen pratique VTC Location de v\u00e9hicule examen VTC Location de v\u00e9hicule VTC +33 6 66 42 30 58 contact@vtc-inclusif.fr","og_url":"https:\/\/vtc-inclusif.fr\/index.php\/guide-examen-vtc\/","og_site_name":"VTC-Inclusif","article_modified_time":"2026-03-30T12:26:02+00:00","og_image":[{"width":75,"height":70,"url":"https:\/\/vtc-inclusif.fr\/wp-content\/uploads\/2023\/08\/Logo-protoytpe-mini-X.png","type":"image\/png"}],"twitter_card":"summary_large_image","twitter_misc":{"Dur\u00e9e de lecture estim\u00e9e":"1 minute"},"schema":{"@context":"https:\/\/schema.org","@graph":[{"@type":"WebPage","@id":"https:\/\/vtc-inclusif.fr\/index.php\/guide-examen-vtc\/","url":"https:\/\/vtc-inclusif.fr\/index.php\/guide-examen-vtc\/","name":"Guide Examen VTC - VTC-Inclusif","isPartOf":{"@id":"https:\/\/vtc-inclusif.fr\/#website"},"primaryImageOfPage":{"@id":"https:\/\/vtc-inclusif.fr\/index.php\/guide-examen-vtc\/#primaryimage"},"image":{"@id":"https:\/\/vtc-inclusif.fr\/index.php\/guide-examen-vtc\/#primaryimage"},"thumbnailUrl":"https:\/\/vtc-inclusif.fr\/wp-content\/uploads\/2023\/08\/Logo-protoytpe-mini-X.png","datePublished":"2026-03-30T11:28:57+00:00","dateModified":"2026-03-30T12:26:02+00:00","breadcrumb":{"@id":"https:\/\/vtc-inclusif.fr\/index.php\/guide-examen-vtc\/#breadcrumb"},"inLanguage":"fr-FR","potentialAction":[{"@type":"ReadAction","target":["https:\/\/vtc-inclusif.fr\/index.php\/guide-examen-vtc\/"]}]},{"@type":"ImageObject","inLanguage":"fr-FR","@id":"https:\/\/vtc-inclusif.fr\/index.php\/guide-examen-vtc\/#primaryimage","url":"https:\/\/vtc-inclusif.fr\/wp-content\/uploads\/2023\/08\/Logo-protoytpe-mini-X.png","contentUrl":"https:\/\/vtc-inclusif.fr\/wp-content\/uploads\/2023\/08\/Logo-protoytpe-mini-X.png","width":75,"height":70},{"@type":"BreadcrumbList","@id":"https:\/\/vtc-inclusif.fr\/index.php\/guide-examen-vtc\/#breadcrumb","itemListElement":[{"@type":"ListItem","position":1,"name":"Accueil","item":"https:\/\/vtc-inclusif.fr\/"},{"@type":"ListItem","position":2,"name":"Guide Examen VTC"}]},{"@type":"WebSite","@id":"https:\/\/vtc-inclusif.fr\/#website","url":"https:\/\/vtc-inclusif.fr\/","name":"VTC-Inclusif","description":"Examen blanc vtc et Location de v\u00e9hicule double commande pour examen VTC pratique","publisher":{"@id":"https:\/\/vtc-inclusif.fr\/#organization"},"potentialAction":[{"@type":"SearchAction","target":{"@type":"EntryPoint","urlTemplate":"https:\/\/vtc-inclusif.fr\/?s={search_term_string}"},"query-input":{"@type":"PropertyValueSpecification","valueRequired":true,"valueName":"search_term_string"}}],"inLanguage":"fr-FR"},{"@type":"Organization","@id":"https:\/\/vtc-inclusif.fr\/#organization","name":"VTC-Inclusif","url":"https:\/\/vtc-inclusif.fr\/","logo":{"@type":"ImageObject","inLanguage":"fr-FR","@id":"https:\/\/vtc-inclusif.fr\/#\/schema\/logo\/image\/","url":"https:\/\/vtc-inclusif.fr\/wp-content\/uploads\/2023\/07\/logo-site.png","contentUrl":"https:\/\/vtc-inclusif.fr\/wp-content\/uploads\/2023\/07\/logo-site.png","width":350,"height":100,"caption":"VTC-Inclusif"},"image":{"@id":"https:\/\/vtc-inclusif.fr\/#\/schema\/logo\/image\/"}}]}},"_links":{"self":[{"href":"https:\/\/vtc-inclusif.fr\/index.php\/wp-json\/wp\/v2\/pages\/4836","targetHints":{"allow":["GET"]}}],"collection":[{"href":"https:\/\/vtc-inclusif.fr\/index.php\/wp-json\/wp\/v2\/pages"}],"about":[{"href":"https:\/\/vtc-inclusif.fr\/index.php\/wp-json\/wp\/v2\/types\/page"}],"author":[{"embeddable":true,"href":"https:\/\/vtc-inclusif.fr\/index.php\/wp-json\/wp\/v2\/users\/1"}],"replies":[{"embeddable":true,"href":"https:\/\/vtc-inclusif.fr\/index.php\/wp-json\/wp\/v2\/comments?post=4836"}],"version-history":[{"count":16,"href":"https:\/\/vtc-inclusif.fr\/index.php\/wp-json\/wp\/v2\/pages\/4836\/revisions"}],"predecessor-version":[{"id":4859,"href":"https:\/\/vtc-inclusif.fr\/index.php\/wp-json\/wp\/v2\/pages\/4836\/revisions\/4859"}],"wp:attachment":[{"href":"https:\/\/vtc-inclusif.fr\/index.php\/wp-json\/wp\/v2\/media?parent=4836"}],"curies":[{"name":"wp","href":"https:\/\/api.w.org\/{rel}","templated":true}]}}